{"id":843,"date":"2022-05-25T14:53:35","date_gmt":"2022-05-25T12:53:35","guid":{"rendered":"https:\/\/www.nyugodtsziv.hu\/?page_id=843"},"modified":"2022-06-24T10:34:33","modified_gmt":"2022-06-24T08:34:33","slug":"adomanyteszt","status":"publish","type":"page","link":"https:\/\/www.nyugodtsziv.hu\/?page_id=843","title":{"rendered":"T\u00e1mogat\u00e1s"},"content":{"rendered":"\t<div id=\"give-form-918-wrap\" class=\"give-form-wrap give-display-onpage give-recurring-form-wrap give-recurring-form-donor\">\n\t\t<h2 class=\"give-form-title\">Adom\u00e1nyoz\u00e1s<\/h2>\t\t\t<form id=\"give-form-918-1\" class=\"give-form give-form-918 give-form-type-multi give-recurring-form\" action=\"https:\/\/www.nyugodtsziv.hu\/?payment-mode=simple&form-id=918\" data-id=\"918-1\" data-currency_symbol=\"&#70;&#116;\" data-currency_code=\"HUF\" data-currency_position=\"after\" data-thousands_separator=\".\" data-decimal_separator=\",\" data-number_decimals=\"0\" method=\"post\">\n\t\t\t\t<!-- The following field is for robots only, invisible to humans: -->\n\t\t\t\t<span class=\"give-hidden\" style=\"display: none !important;\">\n\t\t\t\t\t<label for=\"give-form-honeypot-918\"><\/label>\n\t\t\t\t\t<input id=\"give-form-honeypot-918\" type=\"text\" name=\"give-honeypot\"\n\t\t\t\t\t\t   class=\"give-honeypot give-hidden\"\/>\n\t\t\t\t<\/span>\n\n\t\t\t\t\t<input type=\"hidden\" name=\"give-form-id-prefix\" value=\"918-1\"\/>\n\t<input type=\"hidden\" name=\"give-form-id\" value=\"918\"\/>\n\t<input type=\"hidden\" name=\"give-form-title\" value=\"Adom\u00e1nyoz\u00e1s\"\/>\n\t<input type=\"hidden\" name=\"give-current-url\" value=\"https:\/\/www.nyugodtsziv.hu\/\"\/>\n\t<input type=\"hidden\" name=\"give-form-url\" value=\"https:\/\/www.nyugodtsziv.hu\/\"\/>\n\t\t\t<input type=\"hidden\" name=\"give-form-minimum\"\n\t\t\t   value=\"500\"\/>\n\t\t<input type=\"hidden\" name=\"give-form-maximum\"\n\t\t\t   value=\"10000000\"\/>\n\t\t<input type=\"hidden\"  name=\"give-form-hash\" value=\"d7d1c3bda8\" data-time=\"1775708973\" data-nonce-life=\"86400\" data-donor-session=\"0\"\/><input type=\"hidden\" name=\"give-price-id\" value=\"1\"\/>\t<input type=\"hidden\" name=\"give-recurring-logged-in-only\"\n\t\t   class=\"give-recurring-logged-in-only\"\n\t\t   value=\"\"\/>\n\n\t<input type=\"hidden\" name=\"give-logged-in-only\"\n\t\t   class=\"give-logged-in-only\"\n\t\t   value=\"1\"\/>\n<input\n\t\t\t\t\ttype=\"hidden\"\n\t\t\t\t\tname=\"_give_is_donation_recurring\"\n\t\t\t\t\tclass=\"_give_is_donation_recurring\"\n\t\t\t\t\tid=\"_give_is_donation_recurring\"\n\t\t\t\t\tvalue=\"0\"\n\t\t\t\t\tdata-_give_recurring=\"yes_donor\"\n\t\t\t\t\tdata-_give_checkbox_default=\"no\"\n                    data-_give_price_option=\"\"\n                \/><input\n\t\t\t\t\ttype=\"hidden\"\n\t\t\t\t\tname=\"give_recurring_donation_details\"\n\t\t\t\t\tclass=\"give_recurring_donation_details\"\n\t\t\t\t\tid=\"give_recurring_donation_details\"\n\t\t\t\t\tvalue=\"{&quot;give_recurring_option&quot;:&quot;yes_donor&quot;}\"\n                \/>\t\t<div class=\"give-total-wrap\">\n\t\t\t<div class=\"give-donation-amount form-row-wide\">\n\t\t\t\t\t\t\t\t<label class=\"give-hidden\" for=\"give-amount\">T\u00e1mogat\u00e1s \u00f6sszege:<\/label>\n\t\t\t\t<input class=\"give-text-input give-amount-top\" id=\"give-amount\" name=\"give-amount\" type=\"text\" inputmode=\"decimal\"\n\t\t\t\t\t   placeholder=\"\" value=\"1.000\" autocomplete=\"off\">\n\t\t\t\t<span class=\"give-currency-symbol give-currency-position-after\">&#70;&#116;<\/span>\t\t\t<\/div>\n\t\t<\/div>\n\t\t<ul id=\"give-donation-level-button-wrap\" class=\"give-donation-levels-wrap give-list-inline\"><li><button type=\"button\" data-price-id=\"1\" class=\"give-donation-level-btn give-btn give-btn-level-1 give-default-level\" value=\"1.000\" data-default=\"1\">1.000&#70;&#116;<\/button><\/li><li><button type=\"button\" data-price-id=\"2\" class=\"give-donation-level-btn give-btn give-btn-level-2 \" value=\"2.000\" data-default=\"0\">2.000&#70;&#116;<\/button><\/li><li><button type=\"button\" data-price-id=\"0\" class=\"give-donation-level-btn give-btn give-btn-level-0 \" value=\"3.000\" data-default=\"0\">3.000&#70;&#116;<\/button><\/li><li><button type=\"button\" data-price-id=\"3\" class=\"give-donation-level-btn give-btn give-btn-level-3 \" value=\"5.000\" data-default=\"0\">5.000&#70;&#116;<\/button><\/li><li><button type=\"button\" data-price-id=\"5\" class=\"give-donation-level-btn give-btn give-btn-level-5 \" value=\"10.000\" data-default=\"0\">10.000&#70;&#116;<\/button><\/li><li><button type=\"button\" data-price-id=\"custom\" class=\"give-donation-level-btn give-btn give-btn-level-custom\" value=\"custom\">Egy\u00e9b \u00f6sszeg<\/button><\/li><\/ul>\t<div class=\"give-recurring-donors-choice\">\n\t\t<input id=\"give-admin_choice-918\" class=\"give-recurring-period\" name=\"give-recurring-period\" type=\"checkbox\" data-period-label=\"Havi\" data-period=\"month\" data-interval=\"1\"  \/> <label for=\"give-admin_choice-918\">Legyen havi rendszeres a t\u00e1mogat\u00e1s<\/label>\t<\/div>\n\t\n\t<fieldset id=\"give-payment-mode-select\" style=\"display: none;\">\n\t\t\t\t<legend\n\t\t\tclass=\"give-payment-mode-label\">V\u00e1lasszon fizet\u00e9si m\u00f3dot\t\t\t<span class=\"give-loading-text\"><span\n\t\t\t\t\tclass=\"give-loading-animation\"><\/span>\n\t\t\t<\/span>\n\t\t<\/legend>\n\n\t\t<div id=\"give-payment-mode-wrap\">\n\t\t\t\t\t\t<ul id=\"give-gateway-radio-list\">\n\t\t\t\t\t\t\t\t\t\t<li class=\"give-gateway-option-selected\">\n\t\t\t\t\t\t\t<input type=\"radio\" name=\"payment-mode\" class=\"give-gateway\"\n\t\t\t\t\t\t\t\t   id=\"give-gateway-simple-918-1\"\n\t\t\t\t\t\t\t\t   value=\"simple\" checked='checked'>\n\t\t\t\t\t\t\t<label for=\"give-gateway-simple-918-1\"\n\t\t\t\t\t\t\t\t   class=\"give-gateway-option\"\n\t\t\t\t\t\t\t\t   id=\"give-gateway-option-simple\"> SimplePay Bankk\u00e1rty\u00e1s fizet\u00e9s<\/label>\n\t\t\t\t\t\t<\/li>\n\t\t\t\t\t\t\t\t\t<\/ul>\n\t\t\t\t\t<\/div>\n\t\t\t<\/fieldset>\n\n\t\n\t<div id=\"give_purchase_form_wrap\">\n\n\t\t\t\t<div id=\"give-checkout-login-register-918\">\n\t\t\t\t<fieldset id=\"give-register-fields-918\">\n\n\t\t\t<fieldset id=\"give_checkout_user_info\" class=\"\">\n\t\t<legend>\n\t\t\tSzem\u00e9lyes adatok\t\t<\/legend>\n\n\t\t\n\t\t<p id=\"give-first-name-wrap\" class=\"form-row form-row-first form-row-responsive\">\n\t\t\t<label class=\"give-label\" for=\"give-first\">\n\t\t\t\tKeresztn\u00e9v\t\t\t\t\t\t\t\t\t<span class=\"give-required-indicator\">*<\/span>\n\t\t\t\t\t\t\t\t<span class=\"give-tooltip hint--top hint--medium hint--bounce\" aria-label=\"A keresztn\u00e9v csak a bels\u0151 t\u00e1mogat\u00e1si list\u00e1nkon fog szerepelni.\" rel=\"tooltip\"><i class=\"give-icon give-icon-question\"><\/i><\/span>\t\t\t<\/label>\n\t\t\t<input\n\t\t\t\tclass=\"give-input required\"\n\t\t\t\ttype=\"text\"\n\t\t\t\tname=\"give_first\"\n\t\t\t\tautocomplete=\"given-name\"\n\t\t\t\tplaceholder=\"Keresztn\u00e9v\"\n\t\t\t\tid=\"give-first\"\n\t\t\t\tvalue=\"\"\n\t\t\t\t required aria-required=\"true\" \t\t\t\/>\n\t\t<\/p>\n\n\t\t<p id=\"give-last-name-wrap\" class=\"form-row form-row-last form-row-responsive\">\n\t\t\t<label class=\"give-label\" for=\"give-last\">\n\t\t\t\tVezet\u00e9kn\u00e9v\t\t\t\t\t\t\t\t\t<span class=\"give-required-indicator\">*<\/span>\n\t\t\t\t\t\t\t\t<span class=\"give-tooltip hint--top hint--medium hint--bounce\" aria-label=\"A vezet\u00e9kn\u00e9v  csak a bels\u0151 t\u00e1mogat\u00e1si list\u00e1nkon fog szerepelni.\" rel=\"tooltip\"><i class=\"give-icon give-icon-question\"><\/i><\/span>\t\t\t<\/label>\n\n\t\t\t<input\n\t\t\t\tclass=\"give-input required\"\n\t\t\t\ttype=\"text\"\n\t\t\t\tname=\"give_last\"\n\t\t\t\tautocomplete=\"family-name\"\n\t\t\t\tid=\"give-last\"\n\t\t\t\tplaceholder=\"Vezet\u00e9kn\u00e9v\"\n\t\t\t\tvalue=\"\"\n\t\t\t\t required aria-required=\"true\" \t\t\t\/>\n\t\t<\/p>\n\n\t\t\t\t\t\t\t\t<p id=\"give-company-wrap\" class=\"form-row form-row-wide\">\n\t\t\t\t<label class=\"give-label\" for=\"give-company\">\n\t\t\t\t\tC\u00e9gn\u00e9v\t\t\t\t\t\t\t\t\t\t<span class=\"give-tooltip hint--top hint--medium hint--bounce\" aria-label=\"C\u00e9gk\u00e9nt t\u00e1mogat\u00e1s  eset\u00e9n\" rel=\"tooltip\"><i class=\"give-icon give-icon-question\"><\/i><\/span>\t\t\t\t<\/label>\n\t\t\t\t<input\n\t\t\t\t\tclass=\"give-input\"\n\t\t\t\t\ttype=\"text\"\n\t\t\t\t\tname=\"give_company_name\"\n\t\t\t\t\tplaceholder=\"C\u00e9gn\u00e9v\"\n\t\t\t\t\tid=\"give-company\"\n\t\t\t\t\tvalue=\"\"\n\t\t\t\t\t\t\t\t\t\/>\n\t\t\t<\/p>\n\t\t\n\t\t\t\t<p id=\"give-email-wrap\" class=\"form-row form-row-wide\">\n\t\t\t<label class=\"give-label\" for=\"give-email\">\n\t\t\t\tE-mail c\u00edm\t\t\t\t\t\t\t\t\t<span class=\"give-required-indicator\">*<\/span>\n\t\t\t\t\t\t\t\t<span class=\"give-tooltip hint--top hint--large hint--bounce\" aria-label=\"Erre a c\u00edmre k\u00fcldj\u00fck a sz\u00e1ml\u00e1t a t\u00e1mogat\u00e1sr\u00f3l.\" rel=\"tooltip\"><i class=\"give-icon give-icon-question\"><\/i><\/span>\t\t\t<\/label>\n\t\t\t<input\n\t\t\t\tclass=\"give-input required\"\n\t\t\t\ttype=\"email\"\n\t\t\t\tname=\"give_email\"\n\t\t\t\tautocomplete=\"email\"\n\t\t\t\tplaceholder=\"E-mail c\u00edm\"\n\t\t\t\tid=\"give-email\"\n\t\t\t\tvalue=\"\"\n\t\t\t\t required aria-required=\"true\" \t\t\t\/>\n\n\t\t<\/p>\n\n\t\t\t\t\t\t\t\t<p id=\"give-anonymous-donation-wrap\" class=\"form-row form-row-wide\">\n\t\t\t\t<label class=\"give-label\" for=\"give-anonymous-donation\">\n\t\t\t\t\t<input\n\t\t\t\t\t\ttype=\"checkbox\"\n\t\t\t\t\t\tclass=\"give-input\"\n\t\t\t\t\t\tname=\"give_anonymous_donation\"\n\t\t\t\t\t\tid=\"give-anonymous-donation\"\n\t\t\t\t\t\tvalue=\"1\"\n\t\t\t\t\t\t\t\t\t\t\t\t\t\t\t\t\t>\n\t\t\t\t\tLegyen n\u00e9vtelen a t\u00e1mogat\u00e1som.\t\t\t\t\t<span class=\"give-tooltip hint--top hint--bounce\" aria-label=\"Nem szeretn\u00e9, hogy a neve megjelenjen?\" rel=\"tooltip\"><i class=\"give-icon give-icon-question\"><\/i><\/span>\n\t\t\t\t<\/label>\n\t\t\t<\/p>\n\t\t\n\t\t\t\t\t<\/fieldset>\n\t\n\t\t<fieldset id=\"give-register-account-fields-918\">\n\t\t\t\n\t\t\t\t\t\t<div id=\"give-create-account-wrap-918\" class=\"form-row form-row-first form-row-responsive\">\n\t\t\t\t\t\t\t\t<label for=\"give-create-account-918\">\n\t\t\t\t<input type=\"checkbox\" id=\"give-create-account-918\" name=\"give_create_account\" class=\"give-input\" value=\"on\" \/>\n\t\t\t\t\tAdom\u00e1nyoz\u00f3i fi\u00f3k regisztr\u00e1l\u00e1sa<span class=\"give-tooltip hint--top hint--large hint--bounce\" aria-label=\"Regisztr\u00e1ljon adom\u00e1nyoz\u00f3i fi\u00f3kot, hogy a k\u00e9s\u0151bbiekben az adom\u00e1nyoz\u00e1si sz\u00e1nd\u00e9k\u00e1n v\u00e1ltoztatni tudjon.\" rel=\"tooltip\"><i class=\"give-icon give-icon-question\"><\/i><\/span>\t\t\t\t<\/label>\n\t\t\t\t\t\t\t\t<input type=\"hidden\"  name=\"give-form-user-register-hash\" value=\"3b562da6fd\" data-time=\"1775708973\" data-nonce-life=\"86400\"\/>\t\t\t<\/div>\n\n\t\t\t\t\t\t\t<div class=\"give-login-account-wrap form-row form-row-last form-row-responsive\">\n\t\t\t\t\t<p class=\"give-login-message\">M\u00e1r van fi\u00f3kja?&nbsp;\n\t\t\t\t\t\t<a href=\"\/index.php?rest_route=%2Fwp%2Fv2%2Fpages%2F843&#038;login=1\" class=\"give-checkout-login\"\n\t\t\t\t\t\t   data-action=\"give_checkout_login\">Bel\u00e9p\u00e9s<\/a>\n\t\t\t\t\t<\/p>\n\t\t\t\t\t<p class=\"give-loading-text\">\n\t\t\t\t\t\t<span class=\"give-loading-animation\"><\/span>\n\t\t\t\t\t<\/p>\n\t\t\t\t<\/div>\n\t\t\t\n\t\t\t\t\t<\/fieldset>\n\n\t\t\n\t\t<input type=\"hidden\" name=\"give-purchase-var\" value=\"needs-to-register\"\/>\n\n\t\t\n\t<\/fieldset>\n\t\t\t<\/div>\n\t\t\t<fieldset id=\"give_terms_agreement\">\n\t\t<legend>Felt\u00e9telek<\/legend>\n\t\t<div id=\"give_terms\" class=\"give_terms-918\" style=\"display:none;\">\n\t\t\t<p>Tudom\u00e1sul veszem, hogy a(z) Nyugodt Sz\u00edv Alap\u00edtv\u00e1ny (1450 Budapest Pf. 138.) adatkezel\u0151 \u00e1ltal a(z) https:\/\/www.nyugodtsziv.hu\/ felhaszn\u00e1l\u00f3i adatb\u00e1zis\u00e1ban t\u00e1rolt al\u00e1bbi szem\u00e9lyes adataim \u00e1tad\u00e1sra ker\u00fclnek az OTP Mobil Kft., mint adatfeldolgoz\u00f3 r\u00e9sz\u00e9re. Az adatkezel\u0151 \u00e1ltal tov\u00e1bb\u00edtott adatok k\u00f6re az al\u00e1bbi:<\/p>\n<p>Adom\u00e1nyoz\u00f3 neve,<\/p>\n<p>Adom\u00e1ny \u00f6sszege<\/p>\n<p>Az adatfeldolgoz\u00f3 \u00e1ltal v\u00e9gzett adatfeldolgoz\u00e1si tev\u00e9kenys\u00e9g jellege \u00e9s c\u00e9lja a SimplePay Adatkezel\u00e9si t\u00e1j\u00e9koztat\u00f3ban, az al\u00e1bbi linken tekinthet\u0151 meg: <a href=\"https:\/\/simplepay.hu\/vasarlo-af\" target=\"_blank\" rel=\"noopener\">https:\/\/simplepay.hu\/vasarlo-af<\/a><\/p>\n<h3>Ism\u00e9tl\u0151d\u0151 fizet\u00e9s eset\u00e9n:<\/h3>\n<p>Az ism\u00e9tl\u0151d\u0151 bankk\u00e1rty\u00e1s fizet\u00e9s (tov\u00e1bbiakban: \u201eIsm\u00e9tl\u0151d\u0151 fizet\u00e9s\u201d) egy, a SimplePay \u00e1ltal biztos\u00edtott bankk\u00e1rtya elfogad\u00e1shoz tartoz\u00f3 funkci\u00f3, mely azt jelenti, hogy a V\u00e1s\u00e1rl\u00f3 \u00e1ltal a regisztr\u00e1ci\u00f3s tranzakci\u00f3 sor\u00e1n megadott bankk\u00e1rtyaadatokkal a j\u00f6v\u0151ben \u00fajabb fizet\u00e9seket lehet kezdem\u00e9nyezni a bankk\u00e1rtyaadatok \u00fajb\u00f3li megad\u00e1sa n\u00e9lk\u00fcl.<\/p>\n<p>Az Ism\u00e9tl\u0151d\u0151 fizet\u00e9s ig\u00e9nybev\u00e9tel\u00e9hez jelen nyilatkozat elfogad\u00e1s\u00e1val \u00d6n hozz\u00e1j\u00e1rul, hogy a sikeres regisztr\u00e1ci\u00f3s tranzakci\u00f3t k\u00f6vet\u0151en jelen webshopban (www.nyugodtsziv.hu) kezdem\u00e9nyezett k\u00e9s\u0151bbi fizet\u00e9sek a bankk\u00e1rtyaadatok \u00fajb\u00f3li megad\u00e1sa \u00e9s az \u00d6n tranzakci\u00f3nk\u00e9nt hozz\u00e1j\u00e1rul\u00e1sa n\u00e9lk\u00fcl a Keresked\u0151 \u00e1ltal kezdem\u00e9nyezve t\u00f6rt\u00e9njenek.<\/p>\n<p>Figyelem(!): a bankk\u00e1rtyaadatok kezel\u00e9se a k\u00e1rtyat\u00e1rsas\u00e1gi szab\u00e1lyoknak megfelel\u0151en t\u00f6rt\u00e9nik. A bankk\u00e1rtyaadatokhoz sem a Keresked\u0151, sem a SimplePay nem f\u00e9r hozz\u00e1. A Keresked\u0151 \u00e1ltal t\u00e9vesen vagy jogtalanul kezdem\u00e9nyezett ism\u00e9tl\u0151d\u0151 fizet\u00e9ses tranzakci\u00f3k\u00e9rt k\u00f6zvetlen\u00fcl a Keresked\u0151 felel, Keresked\u0151 fizet\u00e9si szolg\u00e1ltat\u00f3j\u00e1val (SimplePay) szemben b\u00e1rmilyen ig\u00e9ny\u00e9rv\u00e9nyes\u00edt\u00e9s kiz\u00e1rt.<\/p>\n<p>Jelen t\u00e1j\u00e9koztat\u00f3t \u00e1tolvastam, annak tartalm\u00e1t tudom\u00e1sul veszem \u00e9s elfogadom.<\/p>\n\t\t<\/div>\n\t\t<div id=\"give_show_terms\">\n\t\t\t<a href=\"#\" class=\"give_terms_links give_terms_links-918\" role=\"button\"\n\t\t\t   aria-controls=\"give_terms\">Mutat\u00e1s<\/a>\n\t\t\t<a href=\"#\" class=\"give_terms_links give_terms_links-918\" role=\"button\"\n\t\t\t   aria-controls=\"give_terms\" style=\"display:none;\">Elrejt\u00e9s<\/a>\n\t\t<\/div>\n\n\t\t<input name=\"give_agree_to_terms\" class=\"required\" type=\"checkbox\"\n\t\t\t   id=\"give_agree_to_terms-918\" value=\"1\" required aria-required=\"true\"\/>\n\t\t<label for=\"give_agree_to_terms-918\">Elfogadod az Adattov\u00e1bb\u00edt\u00e1si nyilatkozatot?<\/label>\n\n\t<\/fieldset>\n\t\t<fieldset id=\"give_purchase_submit\" class=\"give-donation-submit\">\n\t\t\t<p id=\"give-final-total-wrap\" class=\"form-wrap \">\n\t\t\t\t<span class=\"give-donation-total-label\">\n\t\t\tT\u00e1mogat\u00e1s \u00f6sszesen:\t\t<\/span>\n\t\t<span class=\"give-final-total-amount\"\n\t\t\t  data-total=\"1.000\">\n\t\t\t1.000&#70;&#116;\t\t<\/span>\n\t\t<span id=\"give-recurring-modal-period-wrap\" class=\"give-hidden\"><span id=\"give-recurring-modal-period\">One Time<\/span><\/span>\t<\/p>\n\t\t<input type=\"hidden\" name=\"give_action\" value=\"purchase\"\/>\n\t<input type=\"hidden\" name=\"give-gateway\" value=\"simple\"\/>\n\t\t<div class=\"give-submit-button-wrap give-clearfix\">\n\t\t<input type=\"submit\" class=\"give-submit give-btn\" id=\"give-purchase-button\" name=\"give-purchase\"\n\t\t\t   value=\"T\u00e1mogat\u00e1s\" data-before-validation-label=\"T\u00e1mogat\u00e1s\"\/>\n\t\t<span class=\"give-loading-animation\"><\/span>\n\t<\/div>\n\t\t<\/fieldset>\n\t\n\t<\/div>\n\n\t\t\t\t<\/form>\n\n\t\t\t\n\t<\/div><!--end #give-form-918-->\n\t\n\r\n\r\n\r\n<div class=\"wp-block-image\">\r\n<figure class=\"alignright size-full is-resized\"><a href=\"https:\/\/www.nyugodtsziv.hu\/wp-content\/uploads\/2022\/05\/simplepay_otp_bankcard_hu_top_new.png\"><img loading=\"lazy\" class=\"wp-image-852\" src=\"https:\/\/www.nyugodtsziv.hu\/wp-content\/uploads\/2022\/05\/simplepay_otp_bankcard_hu_top_new.png\" alt=\"\" width=\"324\" height=\"324\" srcset=\"https:\/\/www.nyugodtsziv.hu\/wp-content\/uploads\/2022\/05\/simplepay_otp_bankcard_hu_top_new.png 916w, https:\/\/www.nyugodtsziv.hu\/wp-content\/uploads\/2022\/05\/simplepay_otp_bankcard_hu_top_new-300x300.png 300w, https:\/\/www.nyugodtsziv.hu\/wp-content\/uploads\/2022\/05\/simplepay_otp_bankcard_hu_top_new-150x150.png 150w, https:\/\/www.nyugodtsziv.hu\/wp-content\/uploads\/2022\/05\/simplepay_otp_bankcard_hu_top_new-768x768.png 768w\" sizes=\"(max-width: 324px) 100vw, 324px\" \/><\/a><\/figure>\r\n<\/div>\r\n","protected":false},"excerpt":{"rendered":"","protected":false},"author":4,"featured_media":0,"parent":0,"menu_order":0,"comment_status":"closed","ping_status":"closed","template":"","meta":[],"yoast_head":"<!-- This site is optimized with the Yoast SEO plugin v19.4 - https:\/\/yoast.com\/wordpress\/plugins\/seo\/ -->\n<title>T\u00e1mogat\u00e1s -<\/title>\n<meta name=\"robots\" content=\"index, follow, max-snippet:-1, max-image-preview:large, max-video-preview:-1\" \/>\n<link rel=\"canonical\" href=\"https:\/\/www.nyugodtsziv.hu\/?page_id=843\" \/>\n<meta property=\"og:locale\" content=\"hu_HU\" \/>\n<meta property=\"og:type\" content=\"article\" \/>\n<meta property=\"og:title\" content=\"T\u00e1mogat\u00e1s -\" \/>\n<meta property=\"og:url\" content=\"https:\/\/www.nyugodtsziv.hu\/?page_id=843\" \/>\n<meta property=\"article:modified_time\" content=\"2022-06-24T08:34:33+00:00\" \/>\n<meta property=\"og:image\" content=\"https:\/\/www.nyugodtsziv.hu\/wp-content\/uploads\/2022\/05\/simplepay_otp_bankcard_hu_top_new.png\" \/>\n<meta name=\"twitter:card\" content=\"summary_large_image\" \/>\n<meta name=\"twitter:label1\" content=\"Becs\u00fclt olvas\u00e1si id\u0151\" \/>\n\t<meta name=\"twitter:data1\" content=\"1 perc\" \/>\n<script type=\"application\/ld+json\" class=\"yoast-schema-graph\">{\"@context\":\"https:\/\/schema.org\",\"@graph\":[{\"@type\":\"WebSite\",\"@id\":\"https:\/\/www.nyugodtsziv.hu\/#website\",\"url\":\"https:\/\/www.nyugodtsziv.hu\/\",\"name\":\"\",\"description\":\"\",\"potentialAction\":[{\"@type\":\"SearchAction\",\"target\":{\"@type\":\"EntryPoint\",\"urlTemplate\":\"https:\/\/www.nyugodtsziv.hu\/?s={search_term_string}\"},\"query-input\":\"required name=search_term_string\"}],\"inLanguage\":\"hu\"},{\"@type\":\"WebPage\",\"@id\":\"https:\/\/www.nyugodtsziv.hu\/?page_id=843\",\"url\":\"https:\/\/www.nyugodtsziv.hu\/?page_id=843\",\"name\":\"T\u00e1mogat\u00e1s -\",\"isPartOf\":{\"@id\":\"https:\/\/www.nyugodtsziv.hu\/#website\"},\"datePublished\":\"2022-05-25T12:53:35+00:00\",\"dateModified\":\"2022-06-24T08:34:33+00:00\",\"breadcrumb\":{\"@id\":\"https:\/\/www.nyugodtsziv.hu\/?page_id=843#breadcrumb\"},\"inLanguage\":\"hu\",\"potentialAction\":[{\"@type\":\"ReadAction\",\"target\":[\"https:\/\/www.nyugodtsziv.hu\/?page_id=843\"]}]},{\"@type\":\"BreadcrumbList\",\"@id\":\"https:\/\/www.nyugodtsziv.hu\/?page_id=843#breadcrumb\",\"itemListElement\":[{\"@type\":\"ListItem\",\"position\":1,\"name\":\"Home\",\"item\":\"https:\/\/www.nyugodtsziv.hu\/\"},{\"@type\":\"ListItem\",\"position\":2,\"name\":\"T\u00e1mogat\u00e1s\"}]}]}<\/script>\n<!-- \/ Yoast SEO plugin. -->","yoast_head_json":{"title":"T\u00e1mogat\u00e1s -","robots":{"index":"index","follow":"follow","max-snippet":"max-snippet:-1","max-image-preview":"max-image-preview:large","max-video-preview":"max-video-preview:-1"},"canonical":"https:\/\/www.nyugodtsziv.hu\/?page_id=843","og_locale":"hu_HU","og_type":"article","og_title":"T\u00e1mogat\u00e1s -","og_url":"https:\/\/www.nyugodtsziv.hu\/?page_id=843","article_modified_time":"2022-06-24T08:34:33+00:00","og_image":[{"url":"https:\/\/www.nyugodtsziv.hu\/wp-content\/uploads\/2022\/05\/simplepay_otp_bankcard_hu_top_new.png"}],"twitter_card":"summary_large_image","twitter_misc":{"Becs\u00fclt olvas\u00e1si id\u0151":"1 perc"},"schema":{"@context":"https:\/\/schema.org","@graph":[{"@type":"WebSite","@id":"https:\/\/www.nyugodtsziv.hu\/#website","url":"https:\/\/www.nyugodtsziv.hu\/","name":"","description":"","potentialAction":[{"@type":"SearchAction","target":{"@type":"EntryPoint","urlTemplate":"https:\/\/www.nyugodtsziv.hu\/?s={search_term_string}"},"query-input":"required name=search_term_string"}],"inLanguage":"hu"},{"@type":"WebPage","@id":"https:\/\/www.nyugodtsziv.hu\/?page_id=843","url":"https:\/\/www.nyugodtsziv.hu\/?page_id=843","name":"T\u00e1mogat\u00e1s -","isPartOf":{"@id":"https:\/\/www.nyugodtsziv.hu\/#website"},"datePublished":"2022-05-25T12:53:35+00:00","dateModified":"2022-06-24T08:34:33+00:00","breadcrumb":{"@id":"https:\/\/www.nyugodtsziv.hu\/?page_id=843#breadcrumb"},"inLanguage":"hu","potentialAction":[{"@type":"ReadAction","target":["https:\/\/www.nyugodtsziv.hu\/?page_id=843"]}]},{"@type":"BreadcrumbList","@id":"https:\/\/www.nyugodtsziv.hu\/?page_id=843#breadcrumb","itemListElement":[{"@type":"ListItem","position":1,"name":"Home","item":"https:\/\/www.nyugodtsziv.hu\/"},{"@type":"ListItem","position":2,"name":"T\u00e1mogat\u00e1s"}]}]}},"_links":{"self":[{"href":"https:\/\/www.nyugodtsziv.hu\/index.php?rest_route=\/wp\/v2\/pages\/843"}],"collection":[{"href":"https:\/\/www.nyugodtsziv.hu\/index.php?rest_route=\/wp\/v2\/pages"}],"about":[{"href":"https:\/\/www.nyugodtsziv.hu\/index.php?rest_route=\/wp\/v2\/types\/page"}],"author":[{"embeddable":true,"href":"https:\/\/www.nyugodtsziv.hu\/index.php?rest_route=\/wp\/v2\/users\/4"}],"replies":[{"embeddable":true,"href":"https:\/\/www.nyugodtsziv.hu\/index.php?rest_route=%2Fwp%2Fv2%2Fcomments&post=843"}],"version-history":[{"count":7,"href":"https:\/\/www.nyugodtsziv.hu\/index.php?rest_route=\/wp\/v2\/pages\/843\/revisions"}],"predecessor-version":[{"id":937,"href":"https:\/\/www.nyugodtsziv.hu\/index.php?rest_route=\/wp\/v2\/pages\/843\/revisions\/937"}],"wp:attachment":[{"href":"https:\/\/www.nyugodtsziv.hu\/index.php?rest_route=%2Fwp%2Fv2%2Fmedia&parent=843"}],"curies":[{"name":"wp","href":"https:\/\/api.w.org\/{rel}","templated":true}]}}