{"id":521,"date":"2018-12-11T11:59:23","date_gmt":"2018-12-11T11:59:23","guid":{"rendered":"https:\/\/www.nyugodtsziv.hu\/?page_id=521"},"modified":"2022-06-24T14:08:25","modified_gmt":"2022-06-24T12:08:25","slug":"coming-soon","status":"publish","type":"page","link":"https:\/\/www.nyugodtsziv.hu\/?page_id=521","title":{"rendered":"HOW TO DONATE"},"content":{"rendered":"<p><strong>WHO ARE THE PEOPLE WE AIM TO ASSISTS?<\/strong><\/p>\n<p>For people and families in extreme poverty, a targeted assistance package can result in considerable improvement to their quality of life. We try to solve their housing problems, though it may not solve their fundamental problems&#8230;<\/p>\n<p>Account number: 11707000-20490166<br \/>\nAccount holder: Nyugodt Sz\u00edv Alap\u00edtv\u00e1ny<br \/>\n(IBAN):\u00a0HU73 1170 7000 2049 0166 0000 0000<br \/>\nSWIFT code:\u00a0OTPVHUHB<\/p>\n<div class=\"col-12 supportus_block how_to_donate_support\">\n<h3><a href=\"https:\/\/www.nyugodtsziv.hu\/?page_id=843\"><img loading=\"lazy\" src=\"https:\/\/www.nyugodtsziv.hu\/wp-content\/uploads\/2022\/06\/simplepay_otp_bankcard_hu_top_cropped.png\" width=\"150\" height=\"auto\" \/><\/a><\/h3>\n<h4><a href=\"https:\/\/www.nyugodtsziv.hu\/?page_id=843\">Donate<\/a><\/h4>\n<\/div>\n","protected":false},"excerpt":{"rendered":"<p>WHO ARE THE PEOPLE WE AIM TO ASSISTS? For people and families in extreme poverty, a targeted assistance package can result in considerable improvement to their quality of life. We try to solve their housing problems, though it may not solve their fundamental problems&#8230; Account number: 11707000-20490166 Account holder: Nyugodt Sz\u00edv Alap\u00edtv\u00e1ny (IBAN):\u00a0HU73 1170 7000 &hellip; <a href=\"https:\/\/www.nyugodtsziv.hu\/?page_id=521\" class=\"more-link\"><span class=\"screen-reader-text\">HOW TO DONATE<\/span> r\u00e9szletei&#8230;<\/a><\/p>\n","protected":false},"author":4,"featured_media":0,"parent":0,"menu_order":9,"comment_status":"open","ping_status":"open","template":"","meta":[],"yoast_head":"<!-- This site is optimized with the Yoast SEO plugin v19.4 - https:\/\/yoast.com\/wordpress\/plugins\/seo\/ -->\n<title>HOW TO DONATE -<\/title>\n<meta name=\"robots\" content=\"index, follow, max-snippet:-1, max-image-preview:large, max-video-preview:-1\" \/>\n<link rel=\"canonical\" href=\"https:\/\/www.nyugodtsziv.hu\/?page_id=521\" \/>\n<meta property=\"og:locale\" content=\"hu_HU\" \/>\n<meta property=\"og:type\" content=\"article\" \/>\n<meta property=\"og:title\" content=\"HOW TO DONATE -\" \/>\n<meta property=\"og:description\" content=\"WHO ARE THE PEOPLE WE AIM TO ASSISTS? For people and families in extreme poverty, a targeted assistance package can result in considerable improvement to their quality of life. We try to solve their housing problems, though it may not solve their fundamental problems&#8230; Account number: 11707000-20490166 Account holder: Nyugodt Sz\u00edv Alap\u00edtv\u00e1ny (IBAN):\u00a0HU73 1170 7000 &hellip; HOW TO DONATE r\u00e9szletei...\" \/>\n<meta property=\"og:url\" content=\"https:\/\/www.nyugodtsziv.hu\/?page_id=521\" \/>\n<meta property=\"article:modified_time\" content=\"2022-06-24T12:08:25+00:00\" \/>\n<meta property=\"og:image\" content=\"https:\/\/www.nyugodtsziv.hu\/wp-content\/uploads\/2022\/06\/simplepay_otp_bankcard_hu_top_cropped.png\" \/>\n<meta name=\"twitter:card\" content=\"summary_large_image\" \/>\n<script type=\"application\/ld+json\" class=\"yoast-schema-graph\">{\"@context\":\"https:\/\/schema.org\",\"@graph\":[{\"@type\":\"WebSite\",\"@id\":\"https:\/\/www.nyugodtsziv.hu\/#website\",\"url\":\"https:\/\/www.nyugodtsziv.hu\/\",\"name\":\"\",\"description\":\"\",\"potentialAction\":[{\"@type\":\"SearchAction\",\"target\":{\"@type\":\"EntryPoint\",\"urlTemplate\":\"https:\/\/www.nyugodtsziv.hu\/?s={search_term_string}\"},\"query-input\":\"required name=search_term_string\"}],\"inLanguage\":\"hu\"},{\"@type\":\"WebPage\",\"@id\":\"https:\/\/www.nyugodtsziv.hu\/?page_id=521\",\"url\":\"https:\/\/www.nyugodtsziv.hu\/?page_id=521\",\"name\":\"HOW TO DONATE -\",\"isPartOf\":{\"@id\":\"https:\/\/www.nyugodtsziv.hu\/#website\"},\"datePublished\":\"2018-12-11T11:59:23+00:00\",\"dateModified\":\"2022-06-24T12:08:25+00:00\",\"breadcrumb\":{\"@id\":\"https:\/\/www.nyugodtsziv.hu\/?page_id=521#breadcrumb\"},\"inLanguage\":\"hu\",\"potentialAction\":[{\"@type\":\"ReadAction\",\"target\":[\"https:\/\/www.nyugodtsziv.hu\/?page_id=521\"]}]},{\"@type\":\"BreadcrumbList\",\"@id\":\"https:\/\/www.nyugodtsziv.hu\/?page_id=521#breadcrumb\",\"itemListElement\":[{\"@type\":\"ListItem\",\"position\":1,\"name\":\"Home\",\"item\":\"https:\/\/www.nyugodtsziv.hu\/\"},{\"@type\":\"ListItem\",\"position\":2,\"name\":\"HOW TO DONATE\"}]}]}<\/script>\n<!-- \/ Yoast SEO plugin. -->","yoast_head_json":{"title":"HOW TO DONATE -","robots":{"index":"index","follow":"follow","max-snippet":"max-snippet:-1","max-image-preview":"max-image-preview:large","max-video-preview":"max-video-preview:-1"},"canonical":"https:\/\/www.nyugodtsziv.hu\/?page_id=521","og_locale":"hu_HU","og_type":"article","og_title":"HOW TO DONATE -","og_description":"WHO ARE THE PEOPLE WE AIM TO ASSISTS? For people and families in extreme poverty, a targeted assistance package can result in considerable improvement to their quality of life. We try to solve their housing problems, though it may not solve their fundamental problems&#8230; Account number: 11707000-20490166 Account holder: Nyugodt Sz\u00edv Alap\u00edtv\u00e1ny (IBAN):\u00a0HU73 1170 7000 &hellip; HOW TO DONATE r\u00e9szletei...","og_url":"https:\/\/www.nyugodtsziv.hu\/?page_id=521","article_modified_time":"2022-06-24T12:08:25+00:00","og_image":[{"url":"https:\/\/www.nyugodtsziv.hu\/wp-content\/uploads\/2022\/06\/simplepay_otp_bankcard_hu_top_cropped.png"}],"twitter_card":"summary_large_image","schema":{"@context":"https:\/\/schema.org","@graph":[{"@type":"WebSite","@id":"https:\/\/www.nyugodtsziv.hu\/#website","url":"https:\/\/www.nyugodtsziv.hu\/","name":"","description":"","potentialAction":[{"@type":"SearchAction","target":{"@type":"EntryPoint","urlTemplate":"https:\/\/www.nyugodtsziv.hu\/?s={search_term_string}"},"query-input":"required name=search_term_string"}],"inLanguage":"hu"},{"@type":"WebPage","@id":"https:\/\/www.nyugodtsziv.hu\/?page_id=521","url":"https:\/\/www.nyugodtsziv.hu\/?page_id=521","name":"HOW TO DONATE -","isPartOf":{"@id":"https:\/\/www.nyugodtsziv.hu\/#website"},"datePublished":"2018-12-11T11:59:23+00:00","dateModified":"2022-06-24T12:08:25+00:00","breadcrumb":{"@id":"https:\/\/www.nyugodtsziv.hu\/?page_id=521#breadcrumb"},"inLanguage":"hu","potentialAction":[{"@type":"ReadAction","target":["https:\/\/www.nyugodtsziv.hu\/?page_id=521"]}]},{"@type":"BreadcrumbList","@id":"https:\/\/www.nyugodtsziv.hu\/?page_id=521#breadcrumb","itemListElement":[{"@type":"ListItem","position":1,"name":"Home","item":"https:\/\/www.nyugodtsziv.hu\/"},{"@type":"ListItem","position":2,"name":"HOW TO DONATE"}]}]}},"_links":{"self":[{"href":"https:\/\/www.nyugodtsziv.hu\/index.php?rest_route=\/wp\/v2\/pages\/521"}],"collection":[{"href":"https:\/\/www.nyugodtsziv.hu\/index.php?rest_route=\/wp\/v2\/pages"}],"about":[{"href":"https:\/\/www.nyugodtsziv.hu\/index.php?rest_route=\/wp\/v2\/types\/page"}],"author":[{"embeddable":true,"href":"https:\/\/www.nyugodtsziv.hu\/index.php?rest_route=\/wp\/v2\/users\/4"}],"replies":[{"embeddable":true,"href":"https:\/\/www.nyugodtsziv.hu\/index.php?rest_route=%2Fwp%2Fv2%2Fcomments&post=521"}],"version-history":[{"count":14,"href":"https:\/\/www.nyugodtsziv.hu\/index.php?rest_route=\/wp\/v2\/pages\/521\/revisions"}],"predecessor-version":[{"id":947,"href":"https:\/\/www.nyugodtsziv.hu\/index.php?rest_route=\/wp\/v2\/pages\/521\/revisions\/947"}],"wp:attachment":[{"href":"https:\/\/www.nyugodtsziv.hu\/index.php?rest_route=%2Fwp%2Fv2%2Fmedia&parent=521"}],"curies":[{"name":"wp","href":"https:\/\/api.w.org\/{rel}","templated":true}]}}