{"id":35,"date":"2015-03-08T00:06:15","date_gmt":"2015-03-08T00:06:15","guid":{"rendered":"http:\/\/nyugodtsziv.hu\/?page_id=35"},"modified":"2021-04-26T00:12:40","modified_gmt":"2021-04-25T22:12:40","slug":"kapcsolat","status":"publish","type":"page","link":"https:\/\/www.nyugodtsziv.hu\/?page_id=35","title":{"rendered":"Kapcsolat"},"content":{"rendered":"<p>e-mail c\u00edm\u00fcnk:<br \/>\nnyugodtsziv2015@gmail.com<\/p>\n<p>Facebook oldalaink:<\/p>\n<p><a href=\"https:\/\/www.facebook.com\/Nyugodt-Sz%C3%ADv-A-Lakhat%C3%A1s%C3%A9rt-1048933848466565\/\">K\u00f6z\u00f6ss\u00e9g<\/a><\/p>\n<p><a href=\"https:\/\/www.facebook.com\/groups\/885285571494301\/\">T\u00e1mogat\u00f3k csoportja<\/a><\/p>\n<p>posta c\u00edm\u00fcnk:<br \/>\nNyugodt Sz\u00edv Alap\u00edtv\u00e1ny<br \/>\n1450 Budapest Pf. 138.<\/p>\n","protected":false},"excerpt":{"rendered":"<p>e-mail c\u00edm\u00fcnk: nyugodtsziv2015@gmail.com Facebook oldalaink: K\u00f6z\u00f6ss\u00e9g T\u00e1mogat\u00f3k csoportja posta c\u00edm\u00fcnk: Nyugodt Sz\u00edv Alap\u00edtv\u00e1ny 1450 Budapest Pf. 138.<\/p>\n","protected":false},"author":4,"featured_media":0,"parent":0,"menu_order":8,"comment_status":"closed","ping_status":"closed","template":"","meta":[],"yoast_head":"<!-- This site is optimized with the Yoast SEO plugin v19.4 - https:\/\/yoast.com\/wordpress\/plugins\/seo\/ -->\n<title>Kapcsolat -<\/title>\n<meta name=\"robots\" content=\"index, follow, max-snippet:-1, max-image-preview:large, max-video-preview:-1\" \/>\n<link rel=\"canonical\" href=\"https:\/\/www.nyugodtsziv.hu\/?page_id=35\" \/>\n<meta property=\"og:locale\" content=\"hu_HU\" \/>\n<meta property=\"og:type\" content=\"article\" \/>\n<meta property=\"og:title\" content=\"Kapcsolat -\" \/>\n<meta property=\"og:description\" content=\"e-mail c\u00edm\u00fcnk: nyugodtsziv2015@gmail.com Facebook oldalaink: K\u00f6z\u00f6ss\u00e9g T\u00e1mogat\u00f3k csoportja posta c\u00edm\u00fcnk: Nyugodt Sz\u00edv Alap\u00edtv\u00e1ny 1450 Budapest Pf. 138.\" \/>\n<meta property=\"og:url\" content=\"https:\/\/www.nyugodtsziv.hu\/?page_id=35\" \/>\n<meta property=\"article:modified_time\" content=\"2021-04-25T22:12:40+00:00\" \/>\n<meta name=\"twitter:card\" content=\"summary_large_image\" \/>\n<script type=\"application\/ld+json\" class=\"yoast-schema-graph\">{\"@context\":\"https:\/\/schema.org\",\"@graph\":[{\"@type\":\"WebSite\",\"@id\":\"https:\/\/www.nyugodtsziv.hu\/#website\",\"url\":\"https:\/\/www.nyugodtsziv.hu\/\",\"name\":\"\",\"description\":\"\",\"potentialAction\":[{\"@type\":\"SearchAction\",\"target\":{\"@type\":\"EntryPoint\",\"urlTemplate\":\"https:\/\/www.nyugodtsziv.hu\/?s={search_term_string}\"},\"query-input\":\"required name=search_term_string\"}],\"inLanguage\":\"hu\"},{\"@type\":\"WebPage\",\"@id\":\"https:\/\/www.nyugodtsziv.hu\/?page_id=35\",\"url\":\"https:\/\/www.nyugodtsziv.hu\/?page_id=35\",\"name\":\"Kapcsolat -\",\"isPartOf\":{\"@id\":\"https:\/\/www.nyugodtsziv.hu\/#website\"},\"datePublished\":\"2015-03-08T00:06:15+00:00\",\"dateModified\":\"2021-04-25T22:12:40+00:00\",\"breadcrumb\":{\"@id\":\"https:\/\/www.nyugodtsziv.hu\/?page_id=35#breadcrumb\"},\"inLanguage\":\"hu\",\"potentialAction\":[{\"@type\":\"ReadAction\",\"target\":[\"https:\/\/www.nyugodtsziv.hu\/?page_id=35\"]}]},{\"@type\":\"BreadcrumbList\",\"@id\":\"https:\/\/www.nyugodtsziv.hu\/?page_id=35#breadcrumb\",\"itemListElement\":[{\"@type\":\"ListItem\",\"position\":1,\"name\":\"Home\",\"item\":\"https:\/\/www.nyugodtsziv.hu\/\"},{\"@type\":\"ListItem\",\"position\":2,\"name\":\"Kapcsolat\"}]}]}<\/script>\n<!-- \/ Yoast SEO plugin. -->","yoast_head_json":{"title":"Kapcsolat -","robots":{"index":"index","follow":"follow","max-snippet":"max-snippet:-1","max-image-preview":"max-image-preview:large","max-video-preview":"max-video-preview:-1"},"canonical":"https:\/\/www.nyugodtsziv.hu\/?page_id=35","og_locale":"hu_HU","og_type":"article","og_title":"Kapcsolat -","og_description":"e-mail c\u00edm\u00fcnk: nyugodtsziv2015@gmail.com Facebook oldalaink: K\u00f6z\u00f6ss\u00e9g T\u00e1mogat\u00f3k csoportja posta c\u00edm\u00fcnk: Nyugodt Sz\u00edv Alap\u00edtv\u00e1ny 1450 Budapest Pf. 138.","og_url":"https:\/\/www.nyugodtsziv.hu\/?page_id=35","article_modified_time":"2021-04-25T22:12:40+00:00","twitter_card":"summary_large_image","schema":{"@context":"https:\/\/schema.org","@graph":[{"@type":"WebSite","@id":"https:\/\/www.nyugodtsziv.hu\/#website","url":"https:\/\/www.nyugodtsziv.hu\/","name":"","description":"","potentialAction":[{"@type":"SearchAction","target":{"@type":"EntryPoint","urlTemplate":"https:\/\/www.nyugodtsziv.hu\/?s={search_term_string}"},"query-input":"required name=search_term_string"}],"inLanguage":"hu"},{"@type":"WebPage","@id":"https:\/\/www.nyugodtsziv.hu\/?page_id=35","url":"https:\/\/www.nyugodtsziv.hu\/?page_id=35","name":"Kapcsolat -","isPartOf":{"@id":"https:\/\/www.nyugodtsziv.hu\/#website"},"datePublished":"2015-03-08T00:06:15+00:00","dateModified":"2021-04-25T22:12:40+00:00","breadcrumb":{"@id":"https:\/\/www.nyugodtsziv.hu\/?page_id=35#breadcrumb"},"inLanguage":"hu","potentialAction":[{"@type":"ReadAction","target":["https:\/\/www.nyugodtsziv.hu\/?page_id=35"]}]},{"@type":"BreadcrumbList","@id":"https:\/\/www.nyugodtsziv.hu\/?page_id=35#breadcrumb","itemListElement":[{"@type":"ListItem","position":1,"name":"Home","item":"https:\/\/www.nyugodtsziv.hu\/"},{"@type":"ListItem","position":2,"name":"Kapcsolat"}]}]}},"_links":{"self":[{"href":"https:\/\/www.nyugodtsziv.hu\/index.php?rest_route=\/wp\/v2\/pages\/35"}],"collection":[{"href":"https:\/\/www.nyugodtsziv.hu\/index.php?rest_route=\/wp\/v2\/pages"}],"about":[{"href":"https:\/\/www.nyugodtsziv.hu\/index.php?rest_route=\/wp\/v2\/types\/page"}],"author":[{"embeddable":true,"href":"https:\/\/www.nyugodtsziv.hu\/index.php?rest_route=\/wp\/v2\/users\/4"}],"replies":[{"embeddable":true,"href":"https:\/\/www.nyugodtsziv.hu\/index.php?rest_route=%2Fwp%2Fv2%2Fcomments&post=35"}],"version-history":[{"count":9,"href":"https:\/\/www.nyugodtsziv.hu\/index.php?rest_route=\/wp\/v2\/pages\/35\/revisions"}],"predecessor-version":[{"id":743,"href":"https:\/\/www.nyugodtsziv.hu\/index.php?rest_route=\/wp\/v2\/pages\/35\/revisions\/743"}],"wp:attachment":[{"href":"https:\/\/www.nyugodtsziv.hu\/index.php?rest_route=%2Fwp%2Fv2%2Fmedia&parent=35"}],"curies":[{"name":"wp","href":"https:\/\/api.w.org\/{rel}","templated":true}]}}