{"id":27,"date":"2015-03-07T23:45:21","date_gmt":"2015-03-07T23:45:21","guid":{"rendered":"http:\/\/nyugodtsziv.hu\/?page_id=27"},"modified":"2026-03-23T16:47:22","modified_gmt":"2026-03-23T15:47:22","slug":"sajto","status":"publish","type":"page","link":"https:\/\/www.nyugodtsziv.hu\/?page_id=27","title":{"rendered":"Let\u00f6lthet\u0151 dokumentumok"},"content":{"rendered":"<p><a href=\"https:\/\/www.nyugodtsziv.hu\/wp-content\/uploads\/2018\/06\/ALAPI\u0301TO\u0301-OKIRAT.pdf\">EREDETI ALAP\u00cdT\u00d3 OKIRAT<\/a><\/p>\r\n<p><a href=\"https:\/\/www.nyugodtsziv.hu\/wp-content\/uploads\/2019\/07\/ALAPI\u0301TO\u0301_201903021.pdf\">AKTU\u00c1LIS ALAP\u00cdT\u00d3 OKIRAT<\/a><\/p>\r\n<p><a href=\"https:\/\/www.nyugodtsziv.hu\/wp-content\/uploads\/2017\/07\/2015.pdf\">K\u00d6ZHASZN\u00daS\u00c1GI JELENT\u00c9S:\u00a02015<\/a><\/p>\r\n<p><a href=\"https:\/\/www.nyugodtsziv.hu\/wp-content\/uploads\/2017\/07\/2016.pdf\">K\u00d6ZHASZN\u00daS\u00c1GI JELENT\u00c9S:\u00a02016<\/a><\/p>\r\n<p><a href=\"https:\/\/www.nyugodtsziv.hu\/wp-content\/uploads\/2018\/05\/2017.pdf\">K\u00d6ZHASZN\u00daS\u00c1GI JELENT\u00c9S:\u00a02017<\/a><\/p>\r\n<p><a href=\"https:\/\/www.nyugodtsziv.hu\/wp-content\/uploads\/2019\/01\/vegzes.pdf\">V\u00c9GZ\u00c9S\u00a0A K\u00d6ZHASZN\u00daS\u00c1GI ST\u00c1TUSZR\u00d3L<\/a><\/p>\r\n<p><a href=\"https:\/\/www.nyugodtsziv.hu\/wp-content\/uploads\/2018\/03\/2017.zip\">HAVI BESZ\u00c1MOL\u00d3K: 2017<\/a><\/p>\r\n<p><a href=\"https:\/\/www.nyugodtsziv.hu\/wp-content\/uploads\/2019\/02\/2018.zip\">HAVI BESZ\u00c1MOL\u00d3K: 2018<\/a><\/p>\r\n<p><a href=\"https:\/\/www.nyugodtsziv.hu\/wp-content\/uploads\/2019\/07\/2018.pdf\">K\u00d6ZHASZN\u00daS\u00c1GI JELENT\u00c9S: 2018<\/a><\/p>\r\n<p><a href=\"https:\/\/www.nyugodtsziv.hu\/wp-content\/uploads\/2020\/02\/2019.zip\">HAVI BESZ\u00c1MOL\u00d3K: 2019<\/a><\/p>\r\n<p><a href=\"https:\/\/www.nyugodtsziv.hu\/wp-content\/uploads\/2020\/06\/2019.pdf\">K\u00d6ZHASZN\u00daS\u00c1GI JELENT\u00c9S: 2019<\/a><\/p>\r\n<p><a href=\"https:\/\/www.nyugodtsziv.hu\/wp-content\/uploads\/2021\/03\/2020.zip\">HAVI BESZ\u00c1MOL\u00d3K: 2020<\/a><\/p>\r\n<p><a href=\"https:\/\/www.nyugodtsziv.hu\/wp-content\/uploads\/2021\/03\/2020.pdf\">K\u00d6ZHASZN\u00daS\u00c1GI JELENT\u00c9S: 2020<\/a><\/p>\r\n<p><a href=\"https:\/\/www.nyugodtsziv.hu\/wp-content\/uploads\/2022\/03\/2021.zip\">HAVI BESZ\u00c1MOL\u00d3K: 2021<\/a><\/p>\r\n<p><a href=\"https:\/\/www.nyugodtsziv.hu\/wp-content\/uploads\/2022\/04\/2021.pdf\">K\u00d6ZHASZN\u00daS\u00c1GI JELENT\u00c9S: 2021<\/a><\/p>\r\n<p><a href=\"https:\/\/www.nyugodtsziv.hu\/wp-content\/uploads\/2023\/02\/2022.zip\">HAVI BESZ\u00c1MOL\u00d3K: 2022<\/a><\/p>\r\n<p><a href=\"https:\/\/www.nyugodtsziv.hu\/wp-content\/uploads\/2023\/03\/2022.pdf\">K\u00d6ZHASZN\u00daS\u00c1GI JELENT\u00c9S: 2022<\/a><\/p>\r\n<p><a href=\"https:\/\/www.nyugodtsziv.hu\/wp-content\/uploads\/2024\/02\/2023.zip\">HAVI BESZ\u00c1MOL\u00d3K: 2023<\/a><\/p>\r\n<p><a href=\"https:\/\/www.nyugodtsziv.hu\/wp-content\/uploads\/2024\/03\/2023.pdf\">K\u00d6ZHASZN\u00daS\u00c1GI JELENT\u00c9S: 2023<\/a><\/p>\r\n<p><a href=\"https:\/\/www.nyugodtsziv.hu\/wp-content\/uploads\/2025\/04\/2024-2.zip\">HAVI BESZ\u00c1MOL\u00d3K: 2024<\/a><\/p>\r\n<p><a href=\"https:\/\/www.nyugodtsziv.hu\/wp-content\/uploads\/2025\/04\/2024.pdf\">K\u00d6ZHASZN\u00daS\u00c1GI JELENT\u00c9S: 2024<\/a><\/p>\r\n<p><a href=\"https:\/\/www.nyugodtsziv.hu\/wp-content\/uploads\/2025\/04\/2025.01.adomanyok.xls\">2025. JANU\u00c1RI ADOM\u00c1NYOK<\/a><\/p>\r\n<p><a href=\"https:\/\/www.nyugodtsziv.hu\/wp-content\/uploads\/2025\/04\/2025.01.tamogatasok.xls\">2025. JANU\u00c1RI T\u00c1MOGAT\u00c1SOK<\/a><\/p>\r\n<p><a href=\"https:\/\/www.nyugodtsziv.hu\/wp-content\/uploads\/2025\/04\/2025.02.adomanyok.xls\">2025. FEBRU\u00c1RI ADOM\u00c1NYOK<\/a><\/p>\r\n<p><a href=\"https:\/\/www.nyugodtsziv.hu\/wp-content\/uploads\/2025\/04\/2025.02.tamogatasok.xls\">2025. FEBRU\u00c1RI T\u00c1MOGAT\u00c1SOK<\/a><\/p>\r\n<p><a href=\"https:\/\/www.nyugodtsziv.hu\/wp-content\/uploads\/2025\/04\/2025.03.adomanyok.xls\">2025. M\u00c1RCIUSI ADOM\u00c1NYOK<\/a><\/p>\r\n<p><a href=\"https:\/\/www.nyugodtsziv.hu\/wp-content\/uploads\/2025\/04\/2025.03.tamogatasok.xls\">2025. M\u00c1RCIUSI T\u00c1MOGAT\u00c1SOK<\/a><\/p>\r\n<p><a href=\"https:\/\/www.nyugodtsziv.hu\/wp-content\/uploads\/2025\/06\/2025.04.adomanyok.xls\">2025. \u00c1PRILISI ADOM\u00c1NYOK<\/a><\/p>\r\n<p><a href=\"https:\/\/www.nyugodtsziv.hu\/wp-content\/uploads\/2025\/06\/2025.04.tamogatasok.xls\">2025. \u00c1PRILISI T\u00c1MOGAT\u00c1SOK<\/a><\/p>\r\n<p><a href=\"https:\/\/www.nyugodtsziv.hu\/wp-content\/uploads\/2025\/06\/2025.05.adomanyok.xls\">2025. M\u00c1JUSI ADOM\u00c1NYOK<\/a><\/p>\r\n<p><a href=\"https:\/\/www.nyugodtsziv.hu\/wp-content\/uploads\/2025\/06\/2025.05.tamogatasok.xls\">2025. M\u00c1JUSI T\u00c1MOGAT\u00c1SOK<\/a><\/p>\r\n<p><a href=\"https:\/\/www.nyugodtsziv.hu\/wp-content\/uploads\/2026\/03\/2025.06.adomanyok.xls\">2025. J\u00daNIUSI ADOM\u00c1NYOK<\/a><\/p>\r\n<p><a href=\"https:\/\/www.nyugodtsziv.hu\/wp-content\/uploads\/2026\/03\/2025.06.tamogatasok.xls\">2025. J\u00daNIUSI T\u00c1MOGAT\u00c1SOK<\/a><\/p>\r\n<p><a href=\"https:\/\/www.nyugodtsziv.hu\/wp-content\/uploads\/2026\/03\/2025.07.adomanyok.xls\">2025. J\u00daLIUSI ADOM\u00c1NYOK<\/a><\/p>\r\n<p><a href=\"https:\/\/www.nyugodtsziv.hu\/wp-content\/uploads\/2026\/03\/2025.07.tamogatasok.xls\">2025. J\u00daLIUSI T\u00c1MOGAT\u00c1SOK<\/a><\/p>\r\n<p><a href=\"https:\/\/www.nyugodtsziv.hu\/wp-content\/uploads\/2026\/03\/2025.08.adomanyok.xls\">2025. AUGUSZTUSI ADOM\u00c1NYOK<\/a><\/p>\r\n<p><a href=\"https:\/\/www.nyugodtsziv.hu\/wp-content\/uploads\/2026\/03\/2025.08.tamogatasok.xls\">2025. AUGUSZTUSI T\u00c1MOGAT\u00c1SOK<\/a><\/p>\r\n<p><a href=\"https:\/\/www.nyugodtsziv.hu\/wp-content\/uploads\/2026\/03\/2025.09.adomanyok.xls\">2025. SZEPTEMBERI ADOM\u00c1NYOK<\/a><\/p>\r\n<p><a href=\"https:\/\/www.nyugodtsziv.hu\/wp-content\/uploads\/2026\/03\/2025.09.tamogatasok.xls\">2025. SZEPTEMBERI T\u00c1MOGAT\u00c1SOK<\/a><\/p>\r\n<p><a href=\"https:\/\/www.nyugodtsziv.hu\/wp-content\/uploads\/2026\/03\/2025.10.adomanyok.xls\">2025. OKT\u00d3BERI ADOM\u00c1NYOK<\/a><\/p>\r\n<p><a href=\"https:\/\/www.nyugodtsziv.hu\/wp-content\/uploads\/2026\/03\/2025.10.tamogatasok.xls\">2025. OKT\u00d3BERI T\u00c1MOGAT\u00c1SOK<\/a><\/p>\r\n<p><a href=\"https:\/\/www.nyugodtsziv.hu\/wp-content\/uploads\/2026\/03\/2025.11.adomanyok.xls\">2025. NOVEMBERI ADOM\u00c1NYOK<\/a><\/p>\r\n<p><a href=\"https:\/\/www.nyugodtsziv.hu\/wp-content\/uploads\/2026\/03\/2025.11.tamogatasok.xls\">2025. NOVEMBERI T\u00c1MOGAT\u00c1SOK<\/a><\/p>\r\n<p><a href=\"https:\/\/www.nyugodtsziv.hu\/wp-content\/uploads\/2026\/03\/2025.12.adomanyok.xls\">2025. DECEMBERI ADOM\u00c1NYOK<\/a><\/p>\r\n<p><a href=\"https:\/\/www.nyugodtsziv.hu\/wp-content\/uploads\/2026\/03\/2025.12.tamogatasok.xls\">2025. DECEMBERI T\u00c1MOGAT\u00c1SOK<\/a><\/p>\r\n<p><a href=\"https:\/\/www.nyugodtsziv.hu\/wp-content\/uploads\/2026\/03\/2026.01.adomanyok.xls\">2026. JANU\u00c1RI ADOM\u00c1NYOK<\/a><\/p>\r\n<p><a href=\"https:\/\/www.nyugodtsziv.hu\/wp-content\/uploads\/2026\/03\/2026.01.tamogatasok.xls\">2026. JANU\u00c1RI T\u00c1MOGAT\u00c1SOK<\/a><\/p>\r\n<p><a href=\"https:\/\/www.nyugodtsziv.hu\/wp-content\/uploads\/2026\/03\/2026.02.adomanyok.xls\">2026. FEBRU\u00c1RI ADOM\u00c1NYOK<\/a><\/p>\r\n<p><a href=\"https:\/\/www.nyugodtsziv.hu\/wp-content\/uploads\/2026\/03\/2026.02.tamogatasok.xls\">2026. FEBRU\u00c1RI T\u00c1MOGAT\u00c1SOK<\/a><\/p>\r\n<p>&nbsp;<\/p>\r\n<p>&nbsp;<\/p>\r\n<p>&nbsp;<\/p>\r\n<p>&nbsp;<\/p>\r\n<p>&nbsp;<\/p>\r\n<p>&nbsp;<\/p>\r\n<p>&nbsp;<\/p>\r\n<p>&nbsp;<\/p>\r\n<p>&nbsp;<\/p>\r\n<p>&nbsp;<\/p>\r\n<p>&nbsp;<\/p>\r\n<p>&nbsp;<\/p>\r\n<p>&nbsp;<\/p>\r\n<p>&nbsp;<\/p>\r\n<p>&nbsp;<\/p>\r\n<p>&nbsp;<\/p>\r\n<p style=\"text-align: center;\">\u00a0<\/p>\r\n<p style=\"text-align: center;\">\u00a0<\/p>\r\n<p style=\"text-align: center;\">\u00a0<\/p>\r\n\r\n<p>&nbsp;<\/p>\r\n","protected":false},"excerpt":{"rendered":"<p>EREDETI ALAP\u00cdT\u00d3 OKIRAT AKTU\u00c1LIS ALAP\u00cdT\u00d3 OKIRAT K\u00d6ZHASZN\u00daS\u00c1GI JELENT\u00c9S:\u00a02015 K\u00d6ZHASZN\u00daS\u00c1GI JELENT\u00c9S:\u00a02016 K\u00d6ZHASZN\u00daS\u00c1GI JELENT\u00c9S:\u00a02017 V\u00c9GZ\u00c9S\u00a0A K\u00d6ZHASZN\u00daS\u00c1GI ST\u00c1TUSZR\u00d3L HAVI BESZ\u00c1MOL\u00d3K: 2017 HAVI BESZ\u00c1MOL\u00d3K: 2018 K\u00d6ZHASZN\u00daS\u00c1GI JELENT\u00c9S: 2018 HAVI BESZ\u00c1MOL\u00d3K: 2019 K\u00d6ZHASZN\u00daS\u00c1GI JELENT\u00c9S: 2019 HAVI BESZ\u00c1MOL\u00d3K: 2020 K\u00d6ZHASZN\u00daS\u00c1GI JELENT\u00c9S: 2020 HAVI BESZ\u00c1MOL\u00d3K: 2021 K\u00d6ZHASZN\u00daS\u00c1GI JELENT\u00c9S: 2021 HAVI BESZ\u00c1MOL\u00d3K: 2022 K\u00d6ZHASZN\u00daS\u00c1GI JELENT\u00c9S: 2022 HAVI BESZ\u00c1MOL\u00d3K: 2023 K\u00d6ZHASZN\u00daS\u00c1GI JELENT\u00c9S: 2023 HAVI &hellip; <a href=\"https:\/\/www.nyugodtsziv.hu\/?page_id=27\" class=\"more-link\"><span class=\"screen-reader-text\">Let\u00f6lthet\u0151 dokumentumok<\/span> r\u00e9szletei&#8230;<\/a><\/p>\n","protected":false},"author":4,"featured_media":0,"parent":0,"menu_order":7,"comment_status":"closed","ping_status":"closed","template":"","meta":[],"yoast_head":"<!-- This site is optimized with the Yoast SEO plugin v19.4 - https:\/\/yoast.com\/wordpress\/plugins\/seo\/ -->\n<title>Let\u00f6lthet\u0151 dokumentumok -<\/title>\n<meta name=\"robots\" content=\"index, follow, max-snippet:-1, max-image-preview:large, max-video-preview:-1\" \/>\n<link rel=\"canonical\" href=\"https:\/\/www.nyugodtsziv.hu\/?page_id=27\" \/>\n<meta property=\"og:locale\" content=\"hu_HU\" \/>\n<meta property=\"og:type\" content=\"article\" \/>\n<meta property=\"og:title\" content=\"Let\u00f6lthet\u0151 dokumentumok -\" \/>\n<meta property=\"og:description\" content=\"EREDETI ALAP\u00cdT\u00d3 OKIRAT AKTU\u00c1LIS ALAP\u00cdT\u00d3 OKIRAT K\u00d6ZHASZN\u00daS\u00c1GI JELENT\u00c9S:\u00a02015 K\u00d6ZHASZN\u00daS\u00c1GI JELENT\u00c9S:\u00a02016 K\u00d6ZHASZN\u00daS\u00c1GI JELENT\u00c9S:\u00a02017 V\u00c9GZ\u00c9S\u00a0A K\u00d6ZHASZN\u00daS\u00c1GI ST\u00c1TUSZR\u00d3L HAVI BESZ\u00c1MOL\u00d3K: 2017 HAVI BESZ\u00c1MOL\u00d3K: 2018 K\u00d6ZHASZN\u00daS\u00c1GI JELENT\u00c9S: 2018 HAVI BESZ\u00c1MOL\u00d3K: 2019 K\u00d6ZHASZN\u00daS\u00c1GI JELENT\u00c9S: 2019 HAVI BESZ\u00c1MOL\u00d3K: 2020 K\u00d6ZHASZN\u00daS\u00c1GI JELENT\u00c9S: 2020 HAVI BESZ\u00c1MOL\u00d3K: 2021 K\u00d6ZHASZN\u00daS\u00c1GI JELENT\u00c9S: 2021 HAVI BESZ\u00c1MOL\u00d3K: 2022 K\u00d6ZHASZN\u00daS\u00c1GI JELENT\u00c9S: 2022 HAVI BESZ\u00c1MOL\u00d3K: 2023 K\u00d6ZHASZN\u00daS\u00c1GI JELENT\u00c9S: 2023 HAVI &hellip; Let\u00f6lthet\u0151 dokumentumok r\u00e9szletei...\" \/>\n<meta property=\"og:url\" content=\"https:\/\/www.nyugodtsziv.hu\/?page_id=27\" \/>\n<meta property=\"article:modified_time\" content=\"2026-03-23T15:47:22+00:00\" \/>\n<meta name=\"twitter:card\" content=\"summary_large_image\" \/>\n<meta name=\"twitter:label1\" content=\"Becs\u00fclt olvas\u00e1si id\u0151\" \/>\n\t<meta name=\"twitter:data1\" content=\"1 perc\" \/>\n<script type=\"application\/ld+json\" class=\"yoast-schema-graph\">{\"@context\":\"https:\/\/schema.org\",\"@graph\":[{\"@type\":\"WebSite\",\"@id\":\"https:\/\/www.nyugodtsziv.hu\/#website\",\"url\":\"https:\/\/www.nyugodtsziv.hu\/\",\"name\":\"\",\"description\":\"\",\"potentialAction\":[{\"@type\":\"SearchAction\",\"target\":{\"@type\":\"EntryPoint\",\"urlTemplate\":\"https:\/\/www.nyugodtsziv.hu\/?s={search_term_string}\"},\"query-input\":\"required name=search_term_string\"}],\"inLanguage\":\"hu\"},{\"@type\":\"WebPage\",\"@id\":\"https:\/\/www.nyugodtsziv.hu\/?page_id=27\",\"url\":\"https:\/\/www.nyugodtsziv.hu\/?page_id=27\",\"name\":\"Let\u00f6lthet\u0151 dokumentumok -\",\"isPartOf\":{\"@id\":\"https:\/\/www.nyugodtsziv.hu\/#website\"},\"datePublished\":\"2015-03-07T23:45:21+00:00\",\"dateModified\":\"2026-03-23T15:47:22+00:00\",\"breadcrumb\":{\"@id\":\"https:\/\/www.nyugodtsziv.hu\/?page_id=27#breadcrumb\"},\"inLanguage\":\"hu\",\"potentialAction\":[{\"@type\":\"ReadAction\",\"target\":[\"https:\/\/www.nyugodtsziv.hu\/?page_id=27\"]}]},{\"@type\":\"BreadcrumbList\",\"@id\":\"https:\/\/www.nyugodtsziv.hu\/?page_id=27#breadcrumb\",\"itemListElement\":[{\"@type\":\"ListItem\",\"position\":1,\"name\":\"Home\",\"item\":\"https:\/\/www.nyugodtsziv.hu\/\"},{\"@type\":\"ListItem\",\"position\":2,\"name\":\"Let\u00f6lthet\u0151 dokumentumok\"}]}]}<\/script>\n<!-- \/ Yoast SEO plugin. -->","yoast_head_json":{"title":"Let\u00f6lthet\u0151 dokumentumok -","robots":{"index":"index","follow":"follow","max-snippet":"max-snippet:-1","max-image-preview":"max-image-preview:large","max-video-preview":"max-video-preview:-1"},"canonical":"https:\/\/www.nyugodtsziv.hu\/?page_id=27","og_locale":"hu_HU","og_type":"article","og_title":"Let\u00f6lthet\u0151 dokumentumok -","og_description":"EREDETI ALAP\u00cdT\u00d3 OKIRAT AKTU\u00c1LIS ALAP\u00cdT\u00d3 OKIRAT K\u00d6ZHASZN\u00daS\u00c1GI JELENT\u00c9S:\u00a02015 K\u00d6ZHASZN\u00daS\u00c1GI JELENT\u00c9S:\u00a02016 K\u00d6ZHASZN\u00daS\u00c1GI JELENT\u00c9S:\u00a02017 V\u00c9GZ\u00c9S\u00a0A K\u00d6ZHASZN\u00daS\u00c1GI ST\u00c1TUSZR\u00d3L HAVI BESZ\u00c1MOL\u00d3K: 2017 HAVI BESZ\u00c1MOL\u00d3K: 2018 K\u00d6ZHASZN\u00daS\u00c1GI JELENT\u00c9S: 2018 HAVI BESZ\u00c1MOL\u00d3K: 2019 K\u00d6ZHASZN\u00daS\u00c1GI JELENT\u00c9S: 2019 HAVI BESZ\u00c1MOL\u00d3K: 2020 K\u00d6ZHASZN\u00daS\u00c1GI JELENT\u00c9S: 2020 HAVI BESZ\u00c1MOL\u00d3K: 2021 K\u00d6ZHASZN\u00daS\u00c1GI JELENT\u00c9S: 2021 HAVI BESZ\u00c1MOL\u00d3K: 2022 K\u00d6ZHASZN\u00daS\u00c1GI JELENT\u00c9S: 2022 HAVI BESZ\u00c1MOL\u00d3K: 2023 K\u00d6ZHASZN\u00daS\u00c1GI JELENT\u00c9S: 2023 HAVI &hellip; Let\u00f6lthet\u0151 dokumentumok r\u00e9szletei...","og_url":"https:\/\/www.nyugodtsziv.hu\/?page_id=27","article_modified_time":"2026-03-23T15:47:22+00:00","twitter_card":"summary_large_image","twitter_misc":{"Becs\u00fclt olvas\u00e1si id\u0151":"1 perc"},"schema":{"@context":"https:\/\/schema.org","@graph":[{"@type":"WebSite","@id":"https:\/\/www.nyugodtsziv.hu\/#website","url":"https:\/\/www.nyugodtsziv.hu\/","name":"","description":"","potentialAction":[{"@type":"SearchAction","target":{"@type":"EntryPoint","urlTemplate":"https:\/\/www.nyugodtsziv.hu\/?s={search_term_string}"},"query-input":"required name=search_term_string"}],"inLanguage":"hu"},{"@type":"WebPage","@id":"https:\/\/www.nyugodtsziv.hu\/?page_id=27","url":"https:\/\/www.nyugodtsziv.hu\/?page_id=27","name":"Let\u00f6lthet\u0151 dokumentumok -","isPartOf":{"@id":"https:\/\/www.nyugodtsziv.hu\/#website"},"datePublished":"2015-03-07T23:45:21+00:00","dateModified":"2026-03-23T15:47:22+00:00","breadcrumb":{"@id":"https:\/\/www.nyugodtsziv.hu\/?page_id=27#breadcrumb"},"inLanguage":"hu","potentialAction":[{"@type":"ReadAction","target":["https:\/\/www.nyugodtsziv.hu\/?page_id=27"]}]},{"@type":"BreadcrumbList","@id":"https:\/\/www.nyugodtsziv.hu\/?page_id=27#breadcrumb","itemListElement":[{"@type":"ListItem","position":1,"name":"Home","item":"https:\/\/www.nyugodtsziv.hu\/"},{"@type":"ListItem","position":2,"name":"Let\u00f6lthet\u0151 dokumentumok"}]}]}},"_links":{"self":[{"href":"https:\/\/www.nyugodtsziv.hu\/index.php?rest_route=\/wp\/v2\/pages\/27"}],"collection":[{"href":"https:\/\/www.nyugodtsziv.hu\/index.php?rest_route=\/wp\/v2\/pages"}],"about":[{"href":"https:\/\/www.nyugodtsziv.hu\/index.php?rest_route=\/wp\/v2\/types\/page"}],"author":[{"embeddable":true,"href":"https:\/\/www.nyugodtsziv.hu\/index.php?rest_route=\/wp\/v2\/users\/4"}],"replies":[{"embeddable":true,"href":"https:\/\/www.nyugodtsziv.hu\/index.php?rest_route=%2Fwp%2Fv2%2Fcomments&post=27"}],"version-history":[{"count":333,"href":"https:\/\/www.nyugodtsziv.hu\/index.php?rest_route=\/wp\/v2\/pages\/27\/revisions"}],"predecessor-version":[{"id":1394,"href":"https:\/\/www.nyugodtsziv.hu\/index.php?rest_route=\/wp\/v2\/pages\/27\/revisions\/1394"}],"wp:attachment":[{"href":"https:\/\/www.nyugodtsziv.hu\/index.php?rest_route=%2Fwp%2Fv2%2Fmedia&parent=27"}],"curies":[{"name":"wp","href":"https:\/\/api.w.org\/{rel}","templated":true}]}}