{"id":24,"date":"2015-03-07T23:42:14","date_gmt":"2015-03-07T23:42:14","guid":{"rendered":"http:\/\/nyugodtsziv.hu\/?page_id=24"},"modified":"2021-04-26T00:08:08","modified_gmt":"2021-04-25T22:08:08","slug":"tamogatok","status":"publish","type":"page","link":"https:\/\/www.nyugodtsziv.hu\/?page_id=24","title":{"rendered":"Partnereink"},"content":{"rendered":"<p>A programot t\u00e1mogat\u00f3 mag\u00e1nszem\u00e9lyeken k\u00edv\u00fcl az al\u00e1bbi szervezeteknek is k\u00f6sz\u00f6nj\u00fck seg\u00edt\u0151 egy\u00fcttm\u0171k\u00f6d\u00e9s\u00fcket:<\/p>\n<p><a href=\"https:\/\/www.facebook.com\/AVarosMindenkie\/?fref=ts\">A V\u00e1ros Mindenki\u00e9<\/a><\/p>\n<p><a href=\"http:\/\/amerikaihazalapitvany.hu\/\">Amerikai H\u00e1z Alap\u00edtv\u00e1ny<\/a><\/p>\n<p><a href=\"https:\/\/www.facebook.com\/utcarollakasba\/?fref=ts\">Utc\u00e1r\u00f3l Lak\u00e1sba Egyes\u00fclet<\/a><\/p>\n<p><a href=\"http:\/\/www.eranus.hu\/\">Eranus Alap\u00edtv\u00e1ny<\/a><\/p>\n<p><a href=\"https:\/\/www.facebook.com\/TESZ.Magyarorszagert\/?fref=ts\">TESZ Magyarorsz\u00e1g\u00e9rt Alap\u00edtv\u00e1ny<\/a><\/p>\n<p><a href=\"https:\/\/www.facebook.com\/L%C3%A9that%C3%A1ron-Alap%C3%ADtv%C3%A1ny-Isola-%C3%89jjeli-Mend%C3%A9khely-216695041690614\/?fref=ts\">L\u00e9that\u00e1ron<\/a><\/p>\n<p><a href=\"https:\/\/www.facebook.com\/menhely\/?fref=ts\">Menhely Alap\u00edtv\u00e1ny<\/a><\/p>\n<p><a href=\"https:\/\/www.facebook.com\/Twist-Oliv%C3%A9r-Alap%C3%ADtv%C3%A1ny-277590305613735\/?fref=ts\">Twist Oliv\u00e9r Alap\u00edtv\u00e1ny<\/a><\/p>\n","protected":false},"excerpt":{"rendered":"<p>A programot t\u00e1mogat\u00f3 mag\u00e1nszem\u00e9lyeken k\u00edv\u00fcl az al\u00e1bbi szervezeteknek is k\u00f6sz\u00f6nj\u00fck seg\u00edt\u0151 egy\u00fcttm\u0171k\u00f6d\u00e9s\u00fcket: A V\u00e1ros Mindenki\u00e9 Amerikai H\u00e1z Alap\u00edtv\u00e1ny Utc\u00e1r\u00f3l Lak\u00e1sba Egyes\u00fclet Eranus Alap\u00edtv\u00e1ny TESZ Magyarorsz\u00e1g\u00e9rt Alap\u00edtv\u00e1ny L\u00e9that\u00e1ron Menhely Alap\u00edtv\u00e1ny Twist Oliv\u00e9r Alap\u00edtv\u00e1ny<\/p>\n","protected":false},"author":4,"featured_media":0,"parent":0,"menu_order":6,"comment_status":"closed","ping_status":"closed","template":"","meta":[],"yoast_head":"<!-- This site is optimized with the Yoast SEO plugin v19.4 - https:\/\/yoast.com\/wordpress\/plugins\/seo\/ -->\n<title>Partnereink -<\/title>\n<meta name=\"robots\" content=\"index, follow, max-snippet:-1, max-image-preview:large, max-video-preview:-1\" \/>\n<link rel=\"canonical\" href=\"https:\/\/www.nyugodtsziv.hu\/?page_id=24\" \/>\n<meta property=\"og:locale\" content=\"hu_HU\" \/>\n<meta property=\"og:type\" content=\"article\" \/>\n<meta property=\"og:title\" content=\"Partnereink -\" \/>\n<meta property=\"og:description\" content=\"A programot t\u00e1mogat\u00f3 mag\u00e1nszem\u00e9lyeken k\u00edv\u00fcl az al\u00e1bbi szervezeteknek is k\u00f6sz\u00f6nj\u00fck seg\u00edt\u0151 egy\u00fcttm\u0171k\u00f6d\u00e9s\u00fcket: A V\u00e1ros Mindenki\u00e9 Amerikai H\u00e1z Alap\u00edtv\u00e1ny Utc\u00e1r\u00f3l Lak\u00e1sba Egyes\u00fclet Eranus Alap\u00edtv\u00e1ny TESZ Magyarorsz\u00e1g\u00e9rt Alap\u00edtv\u00e1ny L\u00e9that\u00e1ron Menhely Alap\u00edtv\u00e1ny Twist Oliv\u00e9r Alap\u00edtv\u00e1ny\" \/>\n<meta property=\"og:url\" content=\"https:\/\/www.nyugodtsziv.hu\/?page_id=24\" \/>\n<meta property=\"article:modified_time\" content=\"2021-04-25T22:08:08+00:00\" \/>\n<meta name=\"twitter:card\" content=\"summary_large_image\" \/>\n<script type=\"application\/ld+json\" class=\"yoast-schema-graph\">{\"@context\":\"https:\/\/schema.org\",\"@graph\":[{\"@type\":\"WebSite\",\"@id\":\"https:\/\/www.nyugodtsziv.hu\/#website\",\"url\":\"https:\/\/www.nyugodtsziv.hu\/\",\"name\":\"\",\"description\":\"\",\"potentialAction\":[{\"@type\":\"SearchAction\",\"target\":{\"@type\":\"EntryPoint\",\"urlTemplate\":\"https:\/\/www.nyugodtsziv.hu\/?s={search_term_string}\"},\"query-input\":\"required name=search_term_string\"}],\"inLanguage\":\"hu\"},{\"@type\":\"WebPage\",\"@id\":\"https:\/\/www.nyugodtsziv.hu\/?page_id=24\",\"url\":\"https:\/\/www.nyugodtsziv.hu\/?page_id=24\",\"name\":\"Partnereink -\",\"isPartOf\":{\"@id\":\"https:\/\/www.nyugodtsziv.hu\/#website\"},\"datePublished\":\"2015-03-07T23:42:14+00:00\",\"dateModified\":\"2021-04-25T22:08:08+00:00\",\"breadcrumb\":{\"@id\":\"https:\/\/www.nyugodtsziv.hu\/?page_id=24#breadcrumb\"},\"inLanguage\":\"hu\",\"potentialAction\":[{\"@type\":\"ReadAction\",\"target\":[\"https:\/\/www.nyugodtsziv.hu\/?page_id=24\"]}]},{\"@type\":\"BreadcrumbList\",\"@id\":\"https:\/\/www.nyugodtsziv.hu\/?page_id=24#breadcrumb\",\"itemListElement\":[{\"@type\":\"ListItem\",\"position\":1,\"name\":\"Home\",\"item\":\"https:\/\/www.nyugodtsziv.hu\/\"},{\"@type\":\"ListItem\",\"position\":2,\"name\":\"Partnereink\"}]}]}<\/script>\n<!-- \/ Yoast SEO plugin. -->","yoast_head_json":{"title":"Partnereink -","robots":{"index":"index","follow":"follow","max-snippet":"max-snippet:-1","max-image-preview":"max-image-preview:large","max-video-preview":"max-video-preview:-1"},"canonical":"https:\/\/www.nyugodtsziv.hu\/?page_id=24","og_locale":"hu_HU","og_type":"article","og_title":"Partnereink -","og_description":"A programot t\u00e1mogat\u00f3 mag\u00e1nszem\u00e9lyeken k\u00edv\u00fcl az al\u00e1bbi szervezeteknek is k\u00f6sz\u00f6nj\u00fck seg\u00edt\u0151 egy\u00fcttm\u0171k\u00f6d\u00e9s\u00fcket: A V\u00e1ros Mindenki\u00e9 Amerikai H\u00e1z Alap\u00edtv\u00e1ny Utc\u00e1r\u00f3l Lak\u00e1sba Egyes\u00fclet Eranus Alap\u00edtv\u00e1ny TESZ Magyarorsz\u00e1g\u00e9rt Alap\u00edtv\u00e1ny L\u00e9that\u00e1ron Menhely Alap\u00edtv\u00e1ny Twist Oliv\u00e9r Alap\u00edtv\u00e1ny","og_url":"https:\/\/www.nyugodtsziv.hu\/?page_id=24","article_modified_time":"2021-04-25T22:08:08+00:00","twitter_card":"summary_large_image","schema":{"@context":"https:\/\/schema.org","@graph":[{"@type":"WebSite","@id":"https:\/\/www.nyugodtsziv.hu\/#website","url":"https:\/\/www.nyugodtsziv.hu\/","name":"","description":"","potentialAction":[{"@type":"SearchAction","target":{"@type":"EntryPoint","urlTemplate":"https:\/\/www.nyugodtsziv.hu\/?s={search_term_string}"},"query-input":"required name=search_term_string"}],"inLanguage":"hu"},{"@type":"WebPage","@id":"https:\/\/www.nyugodtsziv.hu\/?page_id=24","url":"https:\/\/www.nyugodtsziv.hu\/?page_id=24","name":"Partnereink -","isPartOf":{"@id":"https:\/\/www.nyugodtsziv.hu\/#website"},"datePublished":"2015-03-07T23:42:14+00:00","dateModified":"2021-04-25T22:08:08+00:00","breadcrumb":{"@id":"https:\/\/www.nyugodtsziv.hu\/?page_id=24#breadcrumb"},"inLanguage":"hu","potentialAction":[{"@type":"ReadAction","target":["https:\/\/www.nyugodtsziv.hu\/?page_id=24"]}]},{"@type":"BreadcrumbList","@id":"https:\/\/www.nyugodtsziv.hu\/?page_id=24#breadcrumb","itemListElement":[{"@type":"ListItem","position":1,"name":"Home","item":"https:\/\/www.nyugodtsziv.hu\/"},{"@type":"ListItem","position":2,"name":"Partnereink"}]}]}},"_links":{"self":[{"href":"https:\/\/www.nyugodtsziv.hu\/index.php?rest_route=\/wp\/v2\/pages\/24"}],"collection":[{"href":"https:\/\/www.nyugodtsziv.hu\/index.php?rest_route=\/wp\/v2\/pages"}],"about":[{"href":"https:\/\/www.nyugodtsziv.hu\/index.php?rest_route=\/wp\/v2\/types\/page"}],"author":[{"embeddable":true,"href":"https:\/\/www.nyugodtsziv.hu\/index.php?rest_route=\/wp\/v2\/users\/4"}],"replies":[{"embeddable":true,"href":"https:\/\/www.nyugodtsziv.hu\/index.php?rest_route=%2Fwp%2Fv2%2Fcomments&post=24"}],"version-history":[{"count":9,"href":"https:\/\/www.nyugodtsziv.hu\/index.php?rest_route=\/wp\/v2\/pages\/24\/revisions"}],"predecessor-version":[{"id":732,"href":"https:\/\/www.nyugodtsziv.hu\/index.php?rest_route=\/wp\/v2\/pages\/24\/revisions\/732"}],"wp:attachment":[{"href":"https:\/\/www.nyugodtsziv.hu\/index.php?rest_route=%2Fwp%2Fv2%2Fmedia&parent=24"}],"curies":[{"name":"wp","href":"https:\/\/api.w.org\/{rel}","templated":true}]}}