{"id":2,"date":"2015-03-07T22:22:47","date_gmt":"2015-03-07T22:22:47","guid":{"rendered":"http:\/\/nyugodtsziv.hu\/?page_id=2"},"modified":"2024-02-09T07:41:47","modified_gmt":"2024-02-09T06:41:47","slug":"sample-page","status":"publish","type":"page","link":"https:\/\/www.nyugodtsziv.hu\/","title":{"rendered":"Nyugodt Sz\u00edv"},"content":{"rendered":"<p style=\"text-align: center;\"><a href=\"https:\/\/www.nyugodtsziv.hu\/wp-content\/uploads\/2019\/07\/LOGO-kiege\u0301szi\u0301tve-20.jpg\"><img loading=\"lazy\" class=\"wp-image-582 alignright\" src=\"https:\/\/www.nyugodtsziv.hu\/wp-content\/uploads\/2019\/07\/LOGO-kiege\u0301szi\u0301tve-20-300x250.jpg\" alt=\"\" width=\"155\" height=\"129\" srcset=\"https:\/\/www.nyugodtsziv.hu\/wp-content\/uploads\/2019\/07\/LOGO-kiege\u0301szi\u0301tve-20-300x250.jpg 300w, https:\/\/www.nyugodtsziv.hu\/wp-content\/uploads\/2019\/07\/LOGO-kiege\u0301szi\u0301tve-20.jpg 343w\" sizes=\"(max-width: 155px) 100vw, 155px\" \/><\/a><\/p>\n<p style=\"text-align: center;\">K\u00e9rj\u00fck, t\u00e1mogass\u00e1k alap\u00edtv\u00e1nyunkat<br \/>\nad\u00f3juk\u00a0 1%-\u00e1val, \u00e9s \u00edgy egy\u00fctt seg\u00edthet\u00fcnk azoknak, akiknek a lakhat\u00e1sa vesz\u00e9lybe ker\u00fclt.<br \/>\n<strong>Ad\u00f3sz\u00e1munk: 18739196-1-42<\/strong><\/p>\n<p style=\"text-align: center;\"><strong>Online t\u00e1mogat\u00e1ssal<\/strong> vagy OTP sz\u00e1mlasz\u00e1munkra utalt adom\u00e1ny\u00e1val \u00edgy seg\u00edthet:<\/p>\n<blockquote>\n<p style=\"text-align: left;\">11707000-20490166<br \/>\n<span style=\"text-align: left;\">(IBAN):\u00a0HU73 1170 7000 2049 0166 0000 0000<br \/>\n<\/span>SWIFT k\u00f3d OTPVHUHB<\/p>\n<\/blockquote>\n<div class=\"main_supportblock\">\n<div class=\"row\">\n<div class=\"col-md-6 col-12 supportus_block\">\n<h3><a href=\"https:\/\/www.nyugodtsziv.hu\/?page_id=843\"><img loading=\"lazy\" src=\"https:\/\/www.nyugodtsziv.hu\/wp-content\/uploads\/2022\/06\/simplepay_otp_bankcard_hu_top_cropped.png\" width=\"150\" height=\"auto\" \/><\/a><\/h3>\n<h4><a href=\"https:\/\/www.nyugodtsziv.hu\/?page_id=843\">Online t\u00e1mogat\u00e1s<\/a><\/h4>\n<\/div>\n<div class=\"col-md-6 col-12 nyugodtsziv_certi\"><a class=\"nyugodtszivcertilogo\" style=\"display: block!important; border: 0!important; padding: 0!important; margin: 0!important; font-size: 11px!important; max-width: 150px!important; line-height: normal!important; word-spacing: normal!important; text-align: center!important;\" href=\"https:\/\/www.doklist.com\/#dok44716\" target=\"_blank\" rel=\"noopener noreferrer\"><br \/>\n<img loading=\"lazy\" style=\"border: 0!important; padding: 0!important; margin: 0!important;\" src=\"https:\/\/www.doklist.com\/badge\/44716.svg\" alt=\"Doklist.com \u00e1ltal hiteles\u00edtett szervezet\" width=\"150\" height=\"69\" \/><br \/>\n<\/a><br \/>\n<a class=\"nyugodtszivtitle\" style=\"font-size: 12px!important; line-height: normal!important; font-family: Arial,Helvetica,sans-serif!important; text-align: center!important;\" href=\"https:\/\/www.doklist.com\/hu\/d44716\/\" target=\"_blank\" rel=\"noopener noreferrer\"><br \/>\nNyugodt Sz\u00edv Alap\u00edtv\u00e1ny<br \/>\n<\/a><\/div>\n<\/div>\n<\/div>\n","protected":false},"excerpt":{"rendered":"<p>K\u00e9rj\u00fck, t\u00e1mogass\u00e1k alap\u00edtv\u00e1nyunkat ad\u00f3juk\u00a0 1%-\u00e1val, \u00e9s \u00edgy egy\u00fctt seg\u00edthet\u00fcnk azoknak, akiknek a lakhat\u00e1sa vesz\u00e9lybe ker\u00fclt. Ad\u00f3sz\u00e1munk: 18739196-1-42 Online t\u00e1mogat\u00e1ssal vagy OTP sz\u00e1mlasz\u00e1munkra utalt adom\u00e1ny\u00e1val \u00edgy seg\u00edthet: 11707000-20490166 (IBAN):\u00a0HU73 1170 7000 2049 0166 0000 0000 SWIFT k\u00f3d OTPVHUHB Online t\u00e1mogat\u00e1s Nyugodt Sz\u00edv Alap\u00edtv\u00e1ny<\/p>\n","protected":false},"author":4,"featured_media":0,"parent":0,"menu_order":0,"comment_status":"closed","ping_status":"closed","template":"","meta":[],"yoast_head":"<!-- This site is optimized with the Yoast SEO plugin v19.4 - https:\/\/yoast.com\/wordpress\/plugins\/seo\/ -->\n<title>Nyugodt Sz\u00edv -<\/title>\n<meta name=\"robots\" content=\"index, follow, max-snippet:-1, max-image-preview:large, max-video-preview:-1\" \/>\n<link rel=\"canonical\" href=\"https:\/\/www.nyugodtsziv.hu\/\" \/>\n<meta property=\"og:locale\" content=\"hu_HU\" \/>\n<meta property=\"og:type\" content=\"article\" \/>\n<meta property=\"og:title\" content=\"Nyugodt Sz\u00edv -\" \/>\n<meta property=\"og:description\" content=\"K\u00e9rj\u00fck, t\u00e1mogass\u00e1k alap\u00edtv\u00e1nyunkat ad\u00f3juk\u00a0 1%-\u00e1val, \u00e9s \u00edgy egy\u00fctt seg\u00edthet\u00fcnk azoknak, akiknek a lakhat\u00e1sa vesz\u00e9lybe ker\u00fclt. Ad\u00f3sz\u00e1munk: 18739196-1-42 Online t\u00e1mogat\u00e1ssal vagy OTP sz\u00e1mlasz\u00e1munkra utalt adom\u00e1ny\u00e1val \u00edgy seg\u00edthet: 11707000-20490166 (IBAN):\u00a0HU73 1170 7000 2049 0166 0000 0000 SWIFT k\u00f3d OTPVHUHB Online t\u00e1mogat\u00e1s Nyugodt Sz\u00edv Alap\u00edtv\u00e1ny\" \/>\n<meta property=\"og:url\" content=\"https:\/\/www.nyugodtsziv.hu\/\" \/>\n<meta property=\"article:modified_time\" content=\"2024-02-09T06:41:47+00:00\" \/>\n<meta property=\"og:image\" content=\"https:\/\/www.nyugodtsziv.hu\/wp-content\/uploads\/2022\/06\/simplepay_otp_bankcard_hu_top_cropped.png\" \/>\n<meta name=\"twitter:card\" content=\"summary_large_image\" \/>\n<meta name=\"twitter:label1\" content=\"Becs\u00fclt olvas\u00e1si id\u0151\" \/>\n\t<meta name=\"twitter:data1\" content=\"1 perc\" \/>\n<script type=\"application\/ld+json\" class=\"yoast-schema-graph\">{\"@context\":\"https:\/\/schema.org\",\"@graph\":[{\"@type\":\"WebSite\",\"@id\":\"https:\/\/www.nyugodtsziv.hu\/#website\",\"url\":\"https:\/\/www.nyugodtsziv.hu\/\",\"name\":\"\",\"description\":\"\",\"potentialAction\":[{\"@type\":\"SearchAction\",\"target\":{\"@type\":\"EntryPoint\",\"urlTemplate\":\"https:\/\/www.nyugodtsziv.hu\/?s={search_term_string}\"},\"query-input\":\"required name=search_term_string\"}],\"inLanguage\":\"hu\"},{\"@type\":\"WebPage\",\"@id\":\"https:\/\/www.nyugodtsziv.hu\/\",\"url\":\"https:\/\/www.nyugodtsziv.hu\/\",\"name\":\"Nyugodt Sz\u00edv -\",\"isPartOf\":{\"@id\":\"https:\/\/www.nyugodtsziv.hu\/#website\"},\"datePublished\":\"2015-03-07T22:22:47+00:00\",\"dateModified\":\"2024-02-09T06:41:47+00:00\",\"breadcrumb\":{\"@id\":\"https:\/\/www.nyugodtsziv.hu\/#breadcrumb\"},\"inLanguage\":\"hu\",\"potentialAction\":[{\"@type\":\"ReadAction\",\"target\":[\"https:\/\/www.nyugodtsziv.hu\/\"]}]},{\"@type\":\"BreadcrumbList\",\"@id\":\"https:\/\/www.nyugodtsziv.hu\/#breadcrumb\",\"itemListElement\":[{\"@type\":\"ListItem\",\"position\":1,\"name\":\"Home\",\"item\":\"https:\/\/www.nyugodtsziv.hu\/\"},{\"@type\":\"ListItem\",\"position\":2,\"name\":\"Nyugodt Sz\u00edv\"}]}]}<\/script>\n<!-- \/ Yoast SEO plugin. -->","yoast_head_json":{"title":"Nyugodt Sz\u00edv -","robots":{"index":"index","follow":"follow","max-snippet":"max-snippet:-1","max-image-preview":"max-image-preview:large","max-video-preview":"max-video-preview:-1"},"canonical":"https:\/\/www.nyugodtsziv.hu\/","og_locale":"hu_HU","og_type":"article","og_title":"Nyugodt Sz\u00edv -","og_description":"K\u00e9rj\u00fck, t\u00e1mogass\u00e1k alap\u00edtv\u00e1nyunkat ad\u00f3juk\u00a0 1%-\u00e1val, \u00e9s \u00edgy egy\u00fctt seg\u00edthet\u00fcnk azoknak, akiknek a lakhat\u00e1sa vesz\u00e9lybe ker\u00fclt. Ad\u00f3sz\u00e1munk: 18739196-1-42 Online t\u00e1mogat\u00e1ssal vagy OTP sz\u00e1mlasz\u00e1munkra utalt adom\u00e1ny\u00e1val \u00edgy seg\u00edthet: 11707000-20490166 (IBAN):\u00a0HU73 1170 7000 2049 0166 0000 0000 SWIFT k\u00f3d OTPVHUHB Online t\u00e1mogat\u00e1s Nyugodt Sz\u00edv Alap\u00edtv\u00e1ny","og_url":"https:\/\/www.nyugodtsziv.hu\/","article_modified_time":"2024-02-09T06:41:47+00:00","og_image":[{"url":"https:\/\/www.nyugodtsziv.hu\/wp-content\/uploads\/2022\/06\/simplepay_otp_bankcard_hu_top_cropped.png"}],"twitter_card":"summary_large_image","twitter_misc":{"Becs\u00fclt olvas\u00e1si id\u0151":"1 perc"},"schema":{"@context":"https:\/\/schema.org","@graph":[{"@type":"WebSite","@id":"https:\/\/www.nyugodtsziv.hu\/#website","url":"https:\/\/www.nyugodtsziv.hu\/","name":"","description":"","potentialAction":[{"@type":"SearchAction","target":{"@type":"EntryPoint","urlTemplate":"https:\/\/www.nyugodtsziv.hu\/?s={search_term_string}"},"query-input":"required name=search_term_string"}],"inLanguage":"hu"},{"@type":"WebPage","@id":"https:\/\/www.nyugodtsziv.hu\/","url":"https:\/\/www.nyugodtsziv.hu\/","name":"Nyugodt Sz\u00edv -","isPartOf":{"@id":"https:\/\/www.nyugodtsziv.hu\/#website"},"datePublished":"2015-03-07T22:22:47+00:00","dateModified":"2024-02-09T06:41:47+00:00","breadcrumb":{"@id":"https:\/\/www.nyugodtsziv.hu\/#breadcrumb"},"inLanguage":"hu","potentialAction":[{"@type":"ReadAction","target":["https:\/\/www.nyugodtsziv.hu\/"]}]},{"@type":"BreadcrumbList","@id":"https:\/\/www.nyugodtsziv.hu\/#breadcrumb","itemListElement":[{"@type":"ListItem","position":1,"name":"Home","item":"https:\/\/www.nyugodtsziv.hu\/"},{"@type":"ListItem","position":2,"name":"Nyugodt Sz\u00edv"}]}]}},"_links":{"self":[{"href":"https:\/\/www.nyugodtsziv.hu\/index.php?rest_route=\/wp\/v2\/pages\/2"}],"collection":[{"href":"https:\/\/www.nyugodtsziv.hu\/index.php?rest_route=\/wp\/v2\/pages"}],"about":[{"href":"https:\/\/www.nyugodtsziv.hu\/index.php?rest_route=\/wp\/v2\/types\/page"}],"author":[{"embeddable":true,"href":"https:\/\/www.nyugodtsziv.hu\/index.php?rest_route=\/wp\/v2\/users\/4"}],"replies":[{"embeddable":true,"href":"https:\/\/www.nyugodtsziv.hu\/index.php?rest_route=%2Fwp%2Fv2%2Fcomments&post=2"}],"version-history":[{"count":91,"href":"https:\/\/www.nyugodtsziv.hu\/index.php?rest_route=\/wp\/v2\/pages\/2\/revisions"}],"predecessor-version":[{"id":1149,"href":"https:\/\/www.nyugodtsziv.hu\/index.php?rest_route=\/wp\/v2\/pages\/2\/revisions\/1149"}],"wp:attachment":[{"href":"https:\/\/www.nyugodtsziv.hu\/index.php?rest_route=%2Fwp%2Fv2%2Fmedia&parent=2"}],"curies":[{"name":"wp","href":"https:\/\/api.w.org\/{rel}","templated":true}]}}