{"id":188,"date":"2016-10-23T13:37:34","date_gmt":"2016-10-23T13:37:34","guid":{"rendered":"http:\/\/nyugodtsziv.hu\/?page_id=188"},"modified":"2024-10-08T17:01:51","modified_gmt":"2024-10-08T15:01:51","slug":"kiemelt-tamogatoink","status":"publish","type":"page","link":"https:\/\/www.nyugodtsziv.hu\/?page_id=188","title":{"rendered":"Kiemelt t\u00e1mogat\u00f3ink"},"content":{"rendered":"<p>Gal\u00e1ntha Gergely adom\u00e1nyozta nek\u00fcnk a <strong>nyugodtsziv.hu<\/strong> domain nevet<\/p>\n<p>SAXON SZ\u00c1SZ J\u00c1NOS k\u00e9pz\u0151m\u0171v\u00e9sz tervezte \u00e9s k\u00e9sz\u00edtette a logonkat<\/p>\n<p><a href=\"https:\/\/www.nyugodtsziv.hu\/wp-content\/uploads\/2017\/09\/EREDETI-LOGO-Saxon-Sz\u00e1sz-J\u00e1nos.jpg\"><img loading=\"lazy\" class=\"alignnone wp-image-304\" src=\"https:\/\/www.nyugodtsziv.hu\/wp-content\/uploads\/2017\/09\/EREDETI-LOGO-Saxon-Sz\u00e1sz-J\u00e1nos-300x199.jpg\" alt=\"EREDETI LOGO Saxon Sz\u00e1sz J\u00e1nos\" width=\"249\" height=\"165\" srcset=\"https:\/\/www.nyugodtsziv.hu\/wp-content\/uploads\/2017\/09\/EREDETI-LOGO-Saxon-Sz\u00e1sz-J\u00e1nos-300x199.jpg 300w, https:\/\/www.nyugodtsziv.hu\/wp-content\/uploads\/2017\/09\/EREDETI-LOGO-Saxon-Sz\u00e1sz-J\u00e1nos-1024x678.jpg 1024w, https:\/\/www.nyugodtsziv.hu\/wp-content\/uploads\/2017\/09\/EREDETI-LOGO-Saxon-Sz\u00e1sz-J\u00e1nos.jpg 1591w\" sizes=\"(max-width: 249px) 100vw, 249px\" \/><\/a><\/p>\n<p>AMERIKAI H\u00c1Z ALAP\u00cdTV\u00c1NY<\/p>\n<p>F.T. mag\u00e1nszem\u00e9ly<\/p>\n<p>SONICON M\u00e9rn\u00f6ki Tervez\u0151 \u00e9s Szolg\u00e1ltat\u00f3 Kft.<\/p>\n<p>B.I. mag\u00e1nszem\u00e9ly<\/p>\n<p>G.A. mag\u00e1nszem\u00e9ly<\/p>\n<p>R.J. mag\u00e1nszem\u00e9ly<\/p>\n<p>H.L. mag\u00e1nszem\u00e9ly<\/p>\n<p>Heged\u0171s R\u00f3bert https:\/\/wpfix.hu<\/p>\n","protected":false},"excerpt":{"rendered":"<p>Gal\u00e1ntha Gergely adom\u00e1nyozta nek\u00fcnk a nyugodtsziv.hu domain nevet SAXON SZ\u00c1SZ J\u00c1NOS k\u00e9pz\u0151m\u0171v\u00e9sz tervezte \u00e9s k\u00e9sz\u00edtette a logonkat AMERIKAI H\u00c1Z ALAP\u00cdTV\u00c1NY F.T. mag\u00e1nszem\u00e9ly SONICON M\u00e9rn\u00f6ki Tervez\u0151 \u00e9s Szolg\u00e1ltat\u00f3 Kft. B.I. mag\u00e1nszem\u00e9ly G.A. mag\u00e1nszem\u00e9ly R.J. mag\u00e1nszem\u00e9ly H.L. mag\u00e1nszem\u00e9ly Heged\u0171s R\u00f3bert https:\/\/wpfix.hu<\/p>\n","protected":false},"author":4,"featured_media":0,"parent":0,"menu_order":4,"comment_status":"closed","ping_status":"closed","template":"","meta":[],"yoast_head":"<!-- This site is optimized with the Yoast SEO plugin v19.4 - https:\/\/yoast.com\/wordpress\/plugins\/seo\/ -->\n<title>Kiemelt t\u00e1mogat\u00f3ink -<\/title>\n<meta name=\"robots\" content=\"index, follow, max-snippet:-1, max-image-preview:large, max-video-preview:-1\" \/>\n<link rel=\"canonical\" href=\"https:\/\/www.nyugodtsziv.hu\/?page_id=188\" \/>\n<meta property=\"og:locale\" content=\"hu_HU\" \/>\n<meta property=\"og:type\" content=\"article\" \/>\n<meta property=\"og:title\" content=\"Kiemelt t\u00e1mogat\u00f3ink -\" \/>\n<meta property=\"og:description\" content=\"Gal\u00e1ntha Gergely adom\u00e1nyozta nek\u00fcnk a nyugodtsziv.hu domain nevet SAXON SZ\u00c1SZ J\u00c1NOS k\u00e9pz\u0151m\u0171v\u00e9sz tervezte \u00e9s k\u00e9sz\u00edtette a logonkat AMERIKAI H\u00c1Z ALAP\u00cdTV\u00c1NY F.T. mag\u00e1nszem\u00e9ly SONICON M\u00e9rn\u00f6ki Tervez\u0151 \u00e9s Szolg\u00e1ltat\u00f3 Kft. B.I. mag\u00e1nszem\u00e9ly G.A. mag\u00e1nszem\u00e9ly R.J. mag\u00e1nszem\u00e9ly H.L. mag\u00e1nszem\u00e9ly Heged\u0171s R\u00f3bert https:\/\/wpfix.hu\" \/>\n<meta property=\"og:url\" content=\"https:\/\/www.nyugodtsziv.hu\/?page_id=188\" \/>\n<meta property=\"article:modified_time\" content=\"2024-10-08T15:01:51+00:00\" \/>\n<meta name=\"twitter:card\" content=\"summary_large_image\" \/>\n<meta name=\"twitter:label1\" content=\"Becs\u00fclt olvas\u00e1si id\u0151\" \/>\n\t<meta name=\"twitter:data1\" content=\"1 perc\" \/>\n<script type=\"application\/ld+json\" class=\"yoast-schema-graph\">{\"@context\":\"https:\/\/schema.org\",\"@graph\":[{\"@type\":\"WebSite\",\"@id\":\"https:\/\/www.nyugodtsziv.hu\/#website\",\"url\":\"https:\/\/www.nyugodtsziv.hu\/\",\"name\":\"\",\"description\":\"\",\"potentialAction\":[{\"@type\":\"SearchAction\",\"target\":{\"@type\":\"EntryPoint\",\"urlTemplate\":\"https:\/\/www.nyugodtsziv.hu\/?s={search_term_string}\"},\"query-input\":\"required name=search_term_string\"}],\"inLanguage\":\"hu\"},{\"@type\":\"WebPage\",\"@id\":\"https:\/\/www.nyugodtsziv.hu\/?page_id=188\",\"url\":\"https:\/\/www.nyugodtsziv.hu\/?page_id=188\",\"name\":\"Kiemelt t\u00e1mogat\u00f3ink -\",\"isPartOf\":{\"@id\":\"https:\/\/www.nyugodtsziv.hu\/#website\"},\"datePublished\":\"2016-10-23T13:37:34+00:00\",\"dateModified\":\"2024-10-08T15:01:51+00:00\",\"breadcrumb\":{\"@id\":\"https:\/\/www.nyugodtsziv.hu\/?page_id=188#breadcrumb\"},\"inLanguage\":\"hu\",\"potentialAction\":[{\"@type\":\"ReadAction\",\"target\":[\"https:\/\/www.nyugodtsziv.hu\/?page_id=188\"]}]},{\"@type\":\"BreadcrumbList\",\"@id\":\"https:\/\/www.nyugodtsziv.hu\/?page_id=188#breadcrumb\",\"itemListElement\":[{\"@type\":\"ListItem\",\"position\":1,\"name\":\"Home\",\"item\":\"https:\/\/www.nyugodtsziv.hu\/\"},{\"@type\":\"ListItem\",\"position\":2,\"name\":\"Kiemelt t\u00e1mogat\u00f3ink\"}]}]}<\/script>\n<!-- \/ Yoast SEO plugin. -->","yoast_head_json":{"title":"Kiemelt t\u00e1mogat\u00f3ink -","robots":{"index":"index","follow":"follow","max-snippet":"max-snippet:-1","max-image-preview":"max-image-preview:large","max-video-preview":"max-video-preview:-1"},"canonical":"https:\/\/www.nyugodtsziv.hu\/?page_id=188","og_locale":"hu_HU","og_type":"article","og_title":"Kiemelt t\u00e1mogat\u00f3ink -","og_description":"Gal\u00e1ntha Gergely adom\u00e1nyozta nek\u00fcnk a nyugodtsziv.hu domain nevet SAXON SZ\u00c1SZ J\u00c1NOS k\u00e9pz\u0151m\u0171v\u00e9sz tervezte \u00e9s k\u00e9sz\u00edtette a logonkat AMERIKAI H\u00c1Z ALAP\u00cdTV\u00c1NY F.T. mag\u00e1nszem\u00e9ly SONICON M\u00e9rn\u00f6ki Tervez\u0151 \u00e9s Szolg\u00e1ltat\u00f3 Kft. B.I. mag\u00e1nszem\u00e9ly G.A. mag\u00e1nszem\u00e9ly R.J. mag\u00e1nszem\u00e9ly H.L. mag\u00e1nszem\u00e9ly Heged\u0171s R\u00f3bert https:\/\/wpfix.hu","og_url":"https:\/\/www.nyugodtsziv.hu\/?page_id=188","article_modified_time":"2024-10-08T15:01:51+00:00","twitter_card":"summary_large_image","twitter_misc":{"Becs\u00fclt olvas\u00e1si id\u0151":"1 perc"},"schema":{"@context":"https:\/\/schema.org","@graph":[{"@type":"WebSite","@id":"https:\/\/www.nyugodtsziv.hu\/#website","url":"https:\/\/www.nyugodtsziv.hu\/","name":"","description":"","potentialAction":[{"@type":"SearchAction","target":{"@type":"EntryPoint","urlTemplate":"https:\/\/www.nyugodtsziv.hu\/?s={search_term_string}"},"query-input":"required name=search_term_string"}],"inLanguage":"hu"},{"@type":"WebPage","@id":"https:\/\/www.nyugodtsziv.hu\/?page_id=188","url":"https:\/\/www.nyugodtsziv.hu\/?page_id=188","name":"Kiemelt t\u00e1mogat\u00f3ink -","isPartOf":{"@id":"https:\/\/www.nyugodtsziv.hu\/#website"},"datePublished":"2016-10-23T13:37:34+00:00","dateModified":"2024-10-08T15:01:51+00:00","breadcrumb":{"@id":"https:\/\/www.nyugodtsziv.hu\/?page_id=188#breadcrumb"},"inLanguage":"hu","potentialAction":[{"@type":"ReadAction","target":["https:\/\/www.nyugodtsziv.hu\/?page_id=188"]}]},{"@type":"BreadcrumbList","@id":"https:\/\/www.nyugodtsziv.hu\/?page_id=188#breadcrumb","itemListElement":[{"@type":"ListItem","position":1,"name":"Home","item":"https:\/\/www.nyugodtsziv.hu\/"},{"@type":"ListItem","position":2,"name":"Kiemelt t\u00e1mogat\u00f3ink"}]}]}},"_links":{"self":[{"href":"https:\/\/www.nyugodtsziv.hu\/index.php?rest_route=\/wp\/v2\/pages\/188"}],"collection":[{"href":"https:\/\/www.nyugodtsziv.hu\/index.php?rest_route=\/wp\/v2\/pages"}],"about":[{"href":"https:\/\/www.nyugodtsziv.hu\/index.php?rest_route=\/wp\/v2\/types\/page"}],"author":[{"embeddable":true,"href":"https:\/\/www.nyugodtsziv.hu\/index.php?rest_route=\/wp\/v2\/users\/4"}],"replies":[{"embeddable":true,"href":"https:\/\/www.nyugodtsziv.hu\/index.php?rest_route=%2Fwp%2Fv2%2Fcomments&post=188"}],"version-history":[{"count":16,"href":"https:\/\/www.nyugodtsziv.hu\/index.php?rest_route=\/wp\/v2\/pages\/188\/revisions"}],"predecessor-version":[{"id":1218,"href":"https:\/\/www.nyugodtsziv.hu\/index.php?rest_route=\/wp\/v2\/pages\/188\/revisions\/1218"}],"wp:attachment":[{"href":"https:\/\/www.nyugodtsziv.hu\/index.php?rest_route=%2Fwp%2Fv2%2Fmedia&parent=188"}],"curies":[{"name":"wp","href":"https:\/\/api.w.org\/{rel}","templated":true}]}}